{"id":25363,"date":"2022-04-07T11:36:01","date_gmt":"2022-04-07T08:36:01","guid":{"rendered":"https:\/\/textil.md\/akteknou\/product\/spray-vopsea-alb-finisaj-mat\/"},"modified":"2022-04-07T11:36:01","modified_gmt":"2022-04-07T08:36:01","slug":"spray-vopsea-alb-finisaj-mat","status":"publish","type":"product","link":"https:\/\/aktek.md\/ru\/product\/spray-vopsea-alb-finisaj-mat\/","title":{"rendered":"SPRAY VOPSEA ALB FINISAJ MAT"},"content":{"rendered":"<p><span style=\"color: rgb(79, 79, 79); font-size: 16px; letter-spacing: 1px;\"><font face=\"Times New Roman\">Ideal pentru lucr\u0103ri de artizanat pentru lemn, metal, sticl\u0103, carton, dar \u015fi plante. Bronce Spray este indeosebi potrivit pentru utiliz\u0103ri decorative interioare; totodat\u0103, est indispensabil amenajarii de standuri personalizate, decoratiunilor \u015fi aranjamentelor florale. Acest produs consituie, de asemenea, o minunata alegere pentru lucr\u0103rile de artizanat si bricolaj, activitati fie desfasurate acasa, fie in cadrul cursurilor artistice organizate.<\/font><\/span><\/p>","protected":false},"excerpt":{"rendered":"<p>Ideal pentru lucr\u0103ri de artizanat pentru lemn, metal, sticl\u0103, carton, dar \u015fi plante. Bronce Spray este indeosebi potrivit pentru utiliz\u0103ri decorative interioare; totodat\u0103, est indispensabil amenajarii de standuri personalizate, decoratiunilor \u015fi aranjamentelor florale. Acest produs consituie, de asemenea, o minunata alegere pentru lucr\u0103rile de artizanat si bricolaj, activitati fie desfasurate acasa, fie in cadrul cursurilor [&hellip;]<\/p>","protected":false},"featured_media":25362,"comment_status":"open","ping_status":"closed","template":"","meta":[],"product_brand":[],"product_cat":[319],"product_tag":[],"class_list":{"0":"post-25363","1":"product","2":"type-product","3":"status-publish","4":"has-post-thumbnail","6":"product_cat-spray-vopsele","8":"first","9":"instock","10":"shipping-taxable","11":"purchasable","12":"product-type-simple","13":"add-to-wishlist-after_add_to_cart"},"yoast_head":"<!-- This site is optimized with the Yoast SEO Premium plugin v21.5 (Yoast SEO v27.1.1) - https:\/\/yoast.com\/product\/yoast-seo-premium-wordpress\/ -->\n<title>SPRAY VOPSEA ALB FINISAJ MAT - Aktek Impex SRL<\/title>\n<meta name=\"robots\" content=\"index, follow, max-snippet:-1, max-image-preview:large, max-video-preview:-1\" \/>\n<link rel=\"canonical\" href=\"https:\/\/aktek.md\/ru\/product\/spray-vopsea-alb-finisaj-mat\/\" \/>\n<meta property=\"og:locale\" content=\"ru_RU\" \/>\n<meta property=\"og:type\" content=\"article\" \/>\n<meta property=\"og:title\" content=\"SPRAY VOPSEA ALB FINISAJ MAT\" \/>\n<meta property=\"og:description\" content=\"Ideal pentru lucr\u0103ri de artizanat pentru lemn, metal, sticl\u0103, carton, dar \u015fi plante. Bronce Spray este indeosebi potrivit pentru utiliz\u0103ri decorative interioare; totodat\u0103, est indispensabil amenajarii de standuri personalizate, decoratiunilor \u015fi aranjamentelor florale. Acest produs consituie, de asemenea, o minunata alegere pentru lucr\u0103rile de artizanat si bricolaj, activitati fie desfasurate acasa, fie in cadrul cursurilor [&hellip;]\" \/>\n<meta property=\"og:url\" content=\"https:\/\/aktek.md\/ru\/product\/spray-vopsea-alb-finisaj-mat\/\" \/>\n<meta property=\"og:site_name\" content=\"Aktek Impex SRL\" \/>\n<meta property=\"article:publisher\" content=\"https:\/\/www.facebook.com\/\" \/>\n<meta property=\"og:image\" content=\"https:\/\/aktek.md\/wp-content\/uploads\/2022\/04\/metal_matt_effect_spray_paint-a8c.png\" \/>\n\t<meta property=\"og:image:width\" content=\"156\" \/>\n\t<meta property=\"og:image:height\" content=\"600\" \/>\n\t<meta property=\"og:image:type\" content=\"image\/png\" \/>\n<meta name=\"twitter:card\" content=\"summary_large_image\" \/>\n<script type=\"application\/ld+json\" class=\"yoast-schema-graph\">{\"@context\":\"https:\/\/schema.org\",\"@graph\":[{\"@type\":\"WebPage\",\"@id\":\"https:\/\/aktek.md\/product\/spray-vopsea-alb-finisaj-mat\/\",\"url\":\"https:\/\/aktek.md\/product\/spray-vopsea-alb-finisaj-mat\/\",\"name\":\"SPRAY VOPSEA ALB FINISAJ MAT - Aktek Impex SRL\",\"isPartOf\":{\"@id\":\"https:\/\/aktek.md\/#website\"},\"primaryImageOfPage\":{\"@id\":\"https:\/\/aktek.md\/product\/spray-vopsea-alb-finisaj-mat\/#primaryimage\"},\"image\":{\"@id\":\"https:\/\/aktek.md\/product\/spray-vopsea-alb-finisaj-mat\/#primaryimage\"},\"thumbnailUrl\":\"https:\/\/aktek.md\/wp-content\/uploads\/2022\/04\/metal_matt_effect_spray_paint-a8c.png\",\"datePublished\":\"2022-04-07T08:36:01+00:00\",\"breadcrumb\":{\"@id\":\"https:\/\/aktek.md\/product\/spray-vopsea-alb-finisaj-mat\/#breadcrumb\"},\"inLanguage\":\"ru-RU\",\"potentialAction\":[{\"@type\":\"ReadAction\",\"target\":[\"https:\/\/aktek.md\/product\/spray-vopsea-alb-finisaj-mat\/\"]}]},{\"@type\":\"ImageObject\",\"inLanguage\":\"ru-RU\",\"@id\":\"https:\/\/aktek.md\/product\/spray-vopsea-alb-finisaj-mat\/#primaryimage\",\"url\":\"https:\/\/aktek.md\/wp-content\/uploads\/2022\/04\/metal_matt_effect_spray_paint-a8c.png\",\"contentUrl\":\"https:\/\/aktek.md\/wp-content\/uploads\/2022\/04\/metal_matt_effect_spray_paint-a8c.png\",\"width\":156,\"height\":600,\"caption\":\"SPRAY VOPSEA ALB FINISAJ MAT\"},{\"@type\":\"BreadcrumbList\",\"@id\":\"https:\/\/aktek.md\/product\/spray-vopsea-alb-finisaj-mat\/#breadcrumb\",\"itemListElement\":[{\"@type\":\"ListItem\",\"position\":1,\"name\":\"Prima pagin\u0103\",\"item\":\"https:\/\/aktek.md\/\"},{\"@type\":\"ListItem\",\"position\":2,\"name\":\"Magazin\",\"item\":\"https:\/\/aktek.md\/magazin\/\"},{\"@type\":\"ListItem\",\"position\":3,\"name\":\"SPRAY VOPSEA ALB FINISAJ MAT\"}]},{\"@type\":\"WebSite\",\"@id\":\"https:\/\/aktek.md\/#website\",\"url\":\"https:\/\/aktek.md\/\",\"name\":\"Aktek Impex SRL\",\"description\":\"Aktek Impex SRL\",\"publisher\":{\"@id\":\"https:\/\/aktek.md\/#organization\"},\"alternateName\":\"Aktek Impex SRL\",\"potentialAction\":[{\"@type\":\"SearchAction\",\"target\":{\"@type\":\"EntryPoint\",\"urlTemplate\":\"https:\/\/aktek.md\/?s={search_term_string}\"},\"query-input\":{\"@type\":\"PropertyValueSpecification\",\"valueRequired\":true,\"valueName\":\"search_term_string\"}}],\"inLanguage\":\"ru-RU\"},{\"@type\":\"Organization\",\"@id\":\"https:\/\/aktek.md\/#organization\",\"name\":\"Aktek Impex SRL\",\"url\":\"https:\/\/aktek.md\/\",\"logo\":{\"@type\":\"ImageObject\",\"inLanguage\":\"ru-RU\",\"@id\":\"https:\/\/aktek.md\/#\/schema\/logo\/image\/\",\"url\":\"https:\/\/aktek.md\/wp-content\/uploads\/2023\/11\/akteklogo.png\",\"contentUrl\":\"https:\/\/aktek.md\/wp-content\/uploads\/2023\/11\/akteklogo.png\",\"width\":120,\"height\":50,\"caption\":\"Aktek Impex SRL\"},\"image\":{\"@id\":\"https:\/\/aktek.md\/#\/schema\/logo\/image\/\"},\"sameAs\":[\"https:\/\/www.facebook.com\/\",\"https:\/\/www.instagram.com\/\"]}]}<\/script>\n<!-- \/ Yoast SEO Premium plugin. -->","yoast_head_json":{"title":"SPRAY VOPSEA ALB FINISAJ MAT - Aktek Impex SRL","robots":{"index":"index","follow":"follow","max-snippet":"max-snippet:-1","max-image-preview":"max-image-preview:large","max-video-preview":"max-video-preview:-1"},"canonical":"https:\/\/aktek.md\/ru\/product\/spray-vopsea-alb-finisaj-mat\/","og_locale":"ru_RU","og_type":"article","og_title":"SPRAY VOPSEA ALB FINISAJ MAT","og_description":"Ideal pentru lucr\u0103ri de artizanat pentru lemn, metal, sticl\u0103, carton, dar \u015fi plante. Bronce Spray este indeosebi potrivit pentru utiliz\u0103ri decorative interioare; totodat\u0103, est indispensabil amenajarii de standuri personalizate, decoratiunilor \u015fi aranjamentelor florale. Acest produs consituie, de asemenea, o minunata alegere pentru lucr\u0103rile de artizanat si bricolaj, activitati fie desfasurate acasa, fie in cadrul cursurilor [&hellip;]","og_url":"https:\/\/aktek.md\/ru\/product\/spray-vopsea-alb-finisaj-mat\/","og_site_name":"Aktek Impex SRL","article_publisher":"https:\/\/www.facebook.com\/","og_image":[{"width":156,"height":600,"url":"https:\/\/aktek.md\/wp-content\/uploads\/2022\/04\/metal_matt_effect_spray_paint-a8c.png","type":"image\/png"}],"twitter_card":"summary_large_image","schema":{"@context":"https:\/\/schema.org","@graph":[{"@type":"WebPage","@id":"https:\/\/aktek.md\/product\/spray-vopsea-alb-finisaj-mat\/","url":"https:\/\/aktek.md\/product\/spray-vopsea-alb-finisaj-mat\/","name":"SPRAY VOPSEA ALB FINISAJ MAT - Aktek Impex SRL","isPartOf":{"@id":"https:\/\/aktek.md\/#website"},"primaryImageOfPage":{"@id":"https:\/\/aktek.md\/product\/spray-vopsea-alb-finisaj-mat\/#primaryimage"},"image":{"@id":"https:\/\/aktek.md\/product\/spray-vopsea-alb-finisaj-mat\/#primaryimage"},"thumbnailUrl":"https:\/\/aktek.md\/wp-content\/uploads\/2022\/04\/metal_matt_effect_spray_paint-a8c.png","datePublished":"2022-04-07T08:36:01+00:00","breadcrumb":{"@id":"https:\/\/aktek.md\/product\/spray-vopsea-alb-finisaj-mat\/#breadcrumb"},"inLanguage":"ru-RU","potentialAction":[{"@type":"ReadAction","target":["https:\/\/aktek.md\/product\/spray-vopsea-alb-finisaj-mat\/"]}]},{"@type":"ImageObject","inLanguage":"ru-RU","@id":"https:\/\/aktek.md\/product\/spray-vopsea-alb-finisaj-mat\/#primaryimage","url":"https:\/\/aktek.md\/wp-content\/uploads\/2022\/04\/metal_matt_effect_spray_paint-a8c.png","contentUrl":"https:\/\/aktek.md\/wp-content\/uploads\/2022\/04\/metal_matt_effect_spray_paint-a8c.png","width":156,"height":600,"caption":"SPRAY VOPSEA ALB FINISAJ MAT"},{"@type":"BreadcrumbList","@id":"https:\/\/aktek.md\/product\/spray-vopsea-alb-finisaj-mat\/#breadcrumb","itemListElement":[{"@type":"ListItem","position":1,"name":"Prima pagin\u0103","item":"https:\/\/aktek.md\/"},{"@type":"ListItem","position":2,"name":"Magazin","item":"https:\/\/aktek.md\/magazin\/"},{"@type":"ListItem","position":3,"name":"SPRAY VOPSEA ALB FINISAJ MAT"}]},{"@type":"WebSite","@id":"https:\/\/aktek.md\/#website","url":"https:\/\/aktek.md\/","name":"Aktek Impex SRL","description":"Aktek Impex SRL","publisher":{"@id":"https:\/\/aktek.md\/#organization"},"alternateName":"Aktek Impex SRL","potentialAction":[{"@type":"SearchAction","target":{"@type":"EntryPoint","urlTemplate":"https:\/\/aktek.md\/?s={search_term_string}"},"query-input":{"@type":"PropertyValueSpecification","valueRequired":true,"valueName":"search_term_string"}}],"inLanguage":"ru-RU"},{"@type":"Organization","@id":"https:\/\/aktek.md\/#organization","name":"Aktek Impex SRL","url":"https:\/\/aktek.md\/","logo":{"@type":"ImageObject","inLanguage":"ru-RU","@id":"https:\/\/aktek.md\/#\/schema\/logo\/image\/","url":"https:\/\/aktek.md\/wp-content\/uploads\/2023\/11\/akteklogo.png","contentUrl":"https:\/\/aktek.md\/wp-content\/uploads\/2023\/11\/akteklogo.png","width":120,"height":50,"caption":"Aktek Impex SRL"},"image":{"@id":"https:\/\/aktek.md\/#\/schema\/logo\/image\/"},"sameAs":["https:\/\/www.facebook.com\/","https:\/\/www.instagram.com\/"]}]}},"_links":{"self":[{"href":"https:\/\/aktek.md\/ru\/wp-json\/wp\/v2\/product\/25363","targetHints":{"allow":["GET"]}}],"collection":[{"href":"https:\/\/aktek.md\/ru\/wp-json\/wp\/v2\/product"}],"about":[{"href":"https:\/\/aktek.md\/ru\/wp-json\/wp\/v2\/types\/product"}],"replies":[{"embeddable":true,"href":"https:\/\/aktek.md\/ru\/wp-json\/wp\/v2\/comments?post=25363"}],"wp:featuredmedia":[{"embeddable":true,"href":"https:\/\/aktek.md\/ru\/wp-json\/wp\/v2\/media\/25362"}],"wp:attachment":[{"href":"https:\/\/aktek.md\/ru\/wp-json\/wp\/v2\/media?parent=25363"}],"wp:term":[{"taxonomy":"product_brand","embeddable":true,"href":"https:\/\/aktek.md\/ru\/wp-json\/wp\/v2\/product_brand?post=25363"},{"taxonomy":"product_cat","embeddable":true,"href":"https:\/\/aktek.md\/ru\/wp-json\/wp\/v2\/product_cat?post=25363"},{"taxonomy":"product_tag","embeddable":true,"href":"https:\/\/aktek.md\/ru\/wp-json\/wp\/v2\/product_tag?post=25363"}],"curies":[{"name":"wp","href":"https:\/\/api.w.org\/{rel}","templated":true}]}}