{"id":25377,"date":"2022-04-11T09:14:56","date_gmt":"2022-04-11T06:14:56","guid":{"rendered":"https:\/\/textil.md\/akteknou\/product\/805-mousse-pu-multifonction-570-ml\/"},"modified":"2022-04-11T09:14:56","modified_gmt":"2022-04-11T06:14:56","slug":"805-mousse-pu-multifonction-570-ml","status":"publish","type":"product","link":"https:\/\/aktek.md\/ru\/product\/805-mousse-pu-multifonction-570-ml\/","title":{"rendered":"805 MOUSSE PU MULTIFONCTION 570 ml"},"content":{"rendered":"<div id=\"properties\" style=\"outline: 0px; margin: 40px 0px 0px; padding: 0px; border: 0px; vertical-align: baseline; background-image: initial; background-position: initial; background-size: initial; background-repeat: initial; background-attachment: initial; background-origin: initial; background-clip: initial; line-height: 28px;\">\n<h5 class=\"card-title text-danger mt-4\" style=\"outline: 0px; margin-right: 0px; margin-bottom: 0.75rem; margin-left: 0px; padding: 0px; border: 0px; vertical-align: baseline; background: transparent; line-height: 1.2; margin-top: 1.5rem !important;\"><font color=\"#dc3545\" face=\"Times New Roman\"><span style=\"font-size: 14px; letter-spacing: 1px;\"><b>Caract\u00e9ristiques<\/b><\/span><\/font><\/h5>\n<h5 class=\"card-title text-danger mt-4\" style=\"outline: 0px; margin-right: 0px; margin-bottom: 0.75rem; margin-left: 0px; padding: 0px; border: 0px; vertical-align: baseline; background: transparent; line-height: 1.2; margin-top: 1.5rem !important;\"><font color=\"#dc3545\" face=\"Times New Roman\"><span style=\"font-size: 14px; letter-spacing: 1px;\"><b>Excellente adh\u00e9rence et capacit\u00e9 de remplissage. Excellentes propri\u00e9t\u00e9s d&#8217;isolation thermique et phonique. Consommation \u00e9conomique gr\u00e2ce \u00e0 la pr\u00e9cision d&#8217;application. Rendement \u00e9lev\u00e9 jusqu&#8217;\u00e0 45 litres, en fonction de la temp\u00e9rature et de l&#8217;humidit\u00e9. Selon la classe de feu B3 (DIN 4102-1). R\u00e9sistant \u00e0 la moisissure, \u00e0 l&#8217;eau. Une couche de peinture peut \u00eatre appliqu\u00e9e.<\/b><\/span><\/font><\/h5>\n<h5 class=\"card-title text-danger mt-4\" style=\"outline: 0px; margin-right: 0px; margin-bottom: 0.75rem; margin-left: 0px; padding: 0px; border: 0px; vertical-align: baseline; background: transparent; line-height: 1.2; margin-top: 1.5rem !important;\"><font color=\"#dc3545\" face=\"Times New Roman\"><span style=\"font-size: 14px; letter-spacing: 1px;\"><b>Domaines d&#8217;application<\/b><\/span><\/font><\/h5>\n<h5 class=\"card-title text-danger mt-4\" style=\"outline: 0px; margin-right: 0px; margin-bottom: 0.75rem; margin-left: 0px; padding: 0px; border: 0px; vertical-align: baseline; background: transparent; line-height: 1.2; margin-top: 1.5rem !important;\"><font color=\"#dc3545\" face=\"Times New Roman\"><span style=\"font-size: 14px; letter-spacing: 1px;\"><b>Fixation et isolation des cadres de portes et fen\u00eatres. Remplissage et scellement des interstices, des joints et des fissures. Remplir les trous dans les murs. Isolation des prises \u00e9lectriques et des conduites d&#8217;eau.<\/b><\/span><\/font><\/h5>\n<\/div>","protected":false},"excerpt":{"rendered":"<p>Caract\u00e9ristiques Excellente adh\u00e9rence et capacit\u00e9 de remplissage. Excellentes propri\u00e9t\u00e9s d&#8217;isolation thermique et phonique. Consommation \u00e9conomique gr\u00e2ce \u00e0 la pr\u00e9cision d&#8217;application. Rendement \u00e9lev\u00e9 jusqu&#8217;\u00e0 45 litres, en fonction de la temp\u00e9rature et de l&#8217;humidit\u00e9. Selon la classe de feu B3 (DIN 4102-1). R\u00e9sistant \u00e0 la moisissure, \u00e0 l&#8217;eau. Une couche de peinture peut \u00eatre appliqu\u00e9e. Domaines [&hellip;]<\/p>","protected":false},"featured_media":25367,"comment_status":"open","ping_status":"closed","template":"","meta":[],"product_brand":[],"product_cat":[314],"product_tag":[],"class_list":{"0":"post-25377","1":"product","2":"type-product","3":"status-publish","4":"has-post-thumbnail","6":"product_cat-pu-spume","8":"first","9":"instock","10":"shipping-taxable","11":"purchasable","12":"product-type-simple","13":"add-to-wishlist-after_add_to_cart"},"yoast_head":"<!-- This site is optimized with the Yoast SEO Premium plugin v21.5 (Yoast SEO v27.1.1) - https:\/\/yoast.com\/product\/yoast-seo-premium-wordpress\/ -->\n<title>805 MOUSSE PU MULTIFONCTION 570 ml - Aktek Impex SRL<\/title>\n<meta name=\"robots\" content=\"index, follow, max-snippet:-1, max-image-preview:large, max-video-preview:-1\" \/>\n<link rel=\"canonical\" href=\"https:\/\/aktek.md\/ru\/product\/805-mousse-pu-multifonction-570-ml\/\" \/>\n<meta property=\"og:locale\" content=\"ru_RU\" \/>\n<meta property=\"og:type\" content=\"article\" \/>\n<meta property=\"og:title\" content=\"805 MOUSSE PU MULTIFONCTION 570 ml\" \/>\n<meta property=\"og:description\" content=\"Caract\u00e9ristiques Excellente adh\u00e9rence et capacit\u00e9 de remplissage. Excellentes propri\u00e9t\u00e9s d&#8217;isolation thermique et phonique. Consommation \u00e9conomique gr\u00e2ce \u00e0 la pr\u00e9cision d&#8217;application. Rendement \u00e9lev\u00e9 jusqu&#8217;\u00e0 45 litres, en fonction de la temp\u00e9rature et de l&#8217;humidit\u00e9. Selon la classe de feu B3 (DIN 4102-1). R\u00e9sistant \u00e0 la moisissure, \u00e0 l&#8217;eau. Une couche de peinture peut \u00eatre appliqu\u00e9e. Domaines [&hellip;]\" \/>\n<meta property=\"og:url\" content=\"https:\/\/aktek.md\/ru\/product\/805-mousse-pu-multifonction-570-ml\/\" \/>\n<meta property=\"og:site_name\" content=\"Aktek Impex SRL\" \/>\n<meta property=\"article:publisher\" content=\"https:\/\/www.facebook.com\/\" \/>\n<meta property=\"og:image\" content=\"https:\/\/aktek.md\/wp-content\/uploads\/2022\/04\/805-f40.png\" \/>\n\t<meta property=\"og:image:width\" content=\"142\" \/>\n\t<meta property=\"og:image:height\" content=\"600\" \/>\n\t<meta property=\"og:image:type\" content=\"image\/png\" \/>\n<meta name=\"twitter:card\" content=\"summary_large_image\" \/>\n<script type=\"application\/ld+json\" class=\"yoast-schema-graph\">{\"@context\":\"https:\/\/schema.org\",\"@graph\":[{\"@type\":\"WebPage\",\"@id\":\"https:\/\/aktek.md\/product\/805-mousse-pu-multifonction-570-ml\/\",\"url\":\"https:\/\/aktek.md\/product\/805-mousse-pu-multifonction-570-ml\/\",\"name\":\"805 MOUSSE PU MULTIFONCTION 570 ml - Aktek Impex SRL\",\"isPartOf\":{\"@id\":\"https:\/\/aktek.md\/#website\"},\"primaryImageOfPage\":{\"@id\":\"https:\/\/aktek.md\/product\/805-mousse-pu-multifonction-570-ml\/#primaryimage\"},\"image\":{\"@id\":\"https:\/\/aktek.md\/product\/805-mousse-pu-multifonction-570-ml\/#primaryimage\"},\"thumbnailUrl\":\"https:\/\/aktek.md\/wp-content\/uploads\/2022\/04\/805-f40.png\",\"datePublished\":\"2022-04-11T06:14:56+00:00\",\"breadcrumb\":{\"@id\":\"https:\/\/aktek.md\/product\/805-mousse-pu-multifonction-570-ml\/#breadcrumb\"},\"inLanguage\":\"ru-RU\",\"potentialAction\":[{\"@type\":\"ReadAction\",\"target\":[\"https:\/\/aktek.md\/product\/805-mousse-pu-multifonction-570-ml\/\"]}]},{\"@type\":\"ImageObject\",\"inLanguage\":\"ru-RU\",\"@id\":\"https:\/\/aktek.md\/product\/805-mousse-pu-multifonction-570-ml\/#primaryimage\",\"url\":\"https:\/\/aktek.md\/wp-content\/uploads\/2022\/04\/805-f40.png\",\"contentUrl\":\"https:\/\/aktek.md\/wp-content\/uploads\/2022\/04\/805-f40.png\",\"width\":142,\"height\":600,\"caption\":\"805 MOUSSE PU MULTIFONCTION 850 GR\"},{\"@type\":\"BreadcrumbList\",\"@id\":\"https:\/\/aktek.md\/product\/805-mousse-pu-multifonction-570-ml\/#breadcrumb\",\"itemListElement\":[{\"@type\":\"ListItem\",\"position\":1,\"name\":\"Prima pagin\u0103\",\"item\":\"https:\/\/aktek.md\/\"},{\"@type\":\"ListItem\",\"position\":2,\"name\":\"Magazin\",\"item\":\"https:\/\/aktek.md\/magazin\/\"},{\"@type\":\"ListItem\",\"position\":3,\"name\":\"805 MOUSSE PU MULTIFONCTION 570 ml\"}]},{\"@type\":\"WebSite\",\"@id\":\"https:\/\/aktek.md\/#website\",\"url\":\"https:\/\/aktek.md\/\",\"name\":\"Aktek Impex SRL\",\"description\":\"Aktek Impex SRL\",\"publisher\":{\"@id\":\"https:\/\/aktek.md\/#organization\"},\"alternateName\":\"Aktek Impex SRL\",\"potentialAction\":[{\"@type\":\"SearchAction\",\"target\":{\"@type\":\"EntryPoint\",\"urlTemplate\":\"https:\/\/aktek.md\/?s={search_term_string}\"},\"query-input\":{\"@type\":\"PropertyValueSpecification\",\"valueRequired\":true,\"valueName\":\"search_term_string\"}}],\"inLanguage\":\"ru-RU\"},{\"@type\":\"Organization\",\"@id\":\"https:\/\/aktek.md\/#organization\",\"name\":\"Aktek Impex SRL\",\"url\":\"https:\/\/aktek.md\/\",\"logo\":{\"@type\":\"ImageObject\",\"inLanguage\":\"ru-RU\",\"@id\":\"https:\/\/aktek.md\/#\/schema\/logo\/image\/\",\"url\":\"https:\/\/aktek.md\/wp-content\/uploads\/2023\/11\/akteklogo.png\",\"contentUrl\":\"https:\/\/aktek.md\/wp-content\/uploads\/2023\/11\/akteklogo.png\",\"width\":120,\"height\":50,\"caption\":\"Aktek Impex SRL\"},\"image\":{\"@id\":\"https:\/\/aktek.md\/#\/schema\/logo\/image\/\"},\"sameAs\":[\"https:\/\/www.facebook.com\/\",\"https:\/\/www.instagram.com\/\"]}]}<\/script>\n<!-- \/ Yoast SEO Premium plugin. -->","yoast_head_json":{"title":"805 MOUSSE PU MULTIFONCTION 570 ml - Aktek Impex SRL","robots":{"index":"index","follow":"follow","max-snippet":"max-snippet:-1","max-image-preview":"max-image-preview:large","max-video-preview":"max-video-preview:-1"},"canonical":"https:\/\/aktek.md\/ru\/product\/805-mousse-pu-multifonction-570-ml\/","og_locale":"ru_RU","og_type":"article","og_title":"805 MOUSSE PU MULTIFONCTION 570 ml","og_description":"Caract\u00e9ristiques Excellente adh\u00e9rence et capacit\u00e9 de remplissage. Excellentes propri\u00e9t\u00e9s d&#8217;isolation thermique et phonique. Consommation \u00e9conomique gr\u00e2ce \u00e0 la pr\u00e9cision d&#8217;application. Rendement \u00e9lev\u00e9 jusqu&#8217;\u00e0 45 litres, en fonction de la temp\u00e9rature et de l&#8217;humidit\u00e9. Selon la classe de feu B3 (DIN 4102-1). R\u00e9sistant \u00e0 la moisissure, \u00e0 l&#8217;eau. Une couche de peinture peut \u00eatre appliqu\u00e9e. Domaines [&hellip;]","og_url":"https:\/\/aktek.md\/ru\/product\/805-mousse-pu-multifonction-570-ml\/","og_site_name":"Aktek Impex SRL","article_publisher":"https:\/\/www.facebook.com\/","og_image":[{"width":142,"height":600,"url":"https:\/\/aktek.md\/wp-content\/uploads\/2022\/04\/805-f40.png","type":"image\/png"}],"twitter_card":"summary_large_image","schema":{"@context":"https:\/\/schema.org","@graph":[{"@type":"WebPage","@id":"https:\/\/aktek.md\/product\/805-mousse-pu-multifonction-570-ml\/","url":"https:\/\/aktek.md\/product\/805-mousse-pu-multifonction-570-ml\/","name":"805 MOUSSE PU MULTIFONCTION 570 ml - Aktek Impex SRL","isPartOf":{"@id":"https:\/\/aktek.md\/#website"},"primaryImageOfPage":{"@id":"https:\/\/aktek.md\/product\/805-mousse-pu-multifonction-570-ml\/#primaryimage"},"image":{"@id":"https:\/\/aktek.md\/product\/805-mousse-pu-multifonction-570-ml\/#primaryimage"},"thumbnailUrl":"https:\/\/aktek.md\/wp-content\/uploads\/2022\/04\/805-f40.png","datePublished":"2022-04-11T06:14:56+00:00","breadcrumb":{"@id":"https:\/\/aktek.md\/product\/805-mousse-pu-multifonction-570-ml\/#breadcrumb"},"inLanguage":"ru-RU","potentialAction":[{"@type":"ReadAction","target":["https:\/\/aktek.md\/product\/805-mousse-pu-multifonction-570-ml\/"]}]},{"@type":"ImageObject","inLanguage":"ru-RU","@id":"https:\/\/aktek.md\/product\/805-mousse-pu-multifonction-570-ml\/#primaryimage","url":"https:\/\/aktek.md\/wp-content\/uploads\/2022\/04\/805-f40.png","contentUrl":"https:\/\/aktek.md\/wp-content\/uploads\/2022\/04\/805-f40.png","width":142,"height":600,"caption":"805 MOUSSE PU MULTIFONCTION 850 GR"},{"@type":"BreadcrumbList","@id":"https:\/\/aktek.md\/product\/805-mousse-pu-multifonction-570-ml\/#breadcrumb","itemListElement":[{"@type":"ListItem","position":1,"name":"Prima pagin\u0103","item":"https:\/\/aktek.md\/"},{"@type":"ListItem","position":2,"name":"Magazin","item":"https:\/\/aktek.md\/magazin\/"},{"@type":"ListItem","position":3,"name":"805 MOUSSE PU MULTIFONCTION 570 ml"}]},{"@type":"WebSite","@id":"https:\/\/aktek.md\/#website","url":"https:\/\/aktek.md\/","name":"Aktek Impex SRL","description":"Aktek Impex SRL","publisher":{"@id":"https:\/\/aktek.md\/#organization"},"alternateName":"Aktek Impex SRL","potentialAction":[{"@type":"SearchAction","target":{"@type":"EntryPoint","urlTemplate":"https:\/\/aktek.md\/?s={search_term_string}"},"query-input":{"@type":"PropertyValueSpecification","valueRequired":true,"valueName":"search_term_string"}}],"inLanguage":"ru-RU"},{"@type":"Organization","@id":"https:\/\/aktek.md\/#organization","name":"Aktek Impex SRL","url":"https:\/\/aktek.md\/","logo":{"@type":"ImageObject","inLanguage":"ru-RU","@id":"https:\/\/aktek.md\/#\/schema\/logo\/image\/","url":"https:\/\/aktek.md\/wp-content\/uploads\/2023\/11\/akteklogo.png","contentUrl":"https:\/\/aktek.md\/wp-content\/uploads\/2023\/11\/akteklogo.png","width":120,"height":50,"caption":"Aktek Impex SRL"},"image":{"@id":"https:\/\/aktek.md\/#\/schema\/logo\/image\/"},"sameAs":["https:\/\/www.facebook.com\/","https:\/\/www.instagram.com\/"]}]}},"_links":{"self":[{"href":"https:\/\/aktek.md\/ru\/wp-json\/wp\/v2\/product\/25377","targetHints":{"allow":["GET"]}}],"collection":[{"href":"https:\/\/aktek.md\/ru\/wp-json\/wp\/v2\/product"}],"about":[{"href":"https:\/\/aktek.md\/ru\/wp-json\/wp\/v2\/types\/product"}],"replies":[{"embeddable":true,"href":"https:\/\/aktek.md\/ru\/wp-json\/wp\/v2\/comments?post=25377"}],"wp:featuredmedia":[{"embeddable":true,"href":"https:\/\/aktek.md\/ru\/wp-json\/wp\/v2\/media\/25367"}],"wp:attachment":[{"href":"https:\/\/aktek.md\/ru\/wp-json\/wp\/v2\/media?parent=25377"}],"wp:term":[{"taxonomy":"product_brand","embeddable":true,"href":"https:\/\/aktek.md\/ru\/wp-json\/wp\/v2\/product_brand?post=25377"},{"taxonomy":"product_cat","embeddable":true,"href":"https:\/\/aktek.md\/ru\/wp-json\/wp\/v2\/product_cat?post=25377"},{"taxonomy":"product_tag","embeddable":true,"href":"https:\/\/aktek.md\/ru\/wp-json\/wp\/v2\/product_tag?post=25377"}],"curies":[{"name":"wp","href":"https:\/\/api.w.org\/{rel}","templated":true}]}}