{"id":25399,"date":"2022-04-11T12:07:40","date_gmt":"2022-04-11T09:07:40","guid":{"rendered":"https:\/\/textil.md\/akteknou\/product\/hm208-bagheta-adeziv-termofuzibil-11mm\/"},"modified":"2022-04-11T12:07:40","modified_gmt":"2022-04-11T09:07:40","slug":"hm208-bagheta-adeziv-termofuzibil-11mm","status":"publish","type":"product","link":"https:\/\/aktek.md\/ru\/product\/hm208-bagheta-adeziv-termofuzibil-11mm\/","title":{"rendered":"HM208 BAGHET\u0102 ADEZIV TERMOFUZIBIL 11mm"},"content":{"rendered":"<div id=\"properties\" style=\"letter-spacing: 1px; outline: 0px; margin: 40px 0px 0px; padding: 0px; border: 0px; font-size: 14px; vertical-align: baseline; background-image: initial; background-position: initial; background-size: initial; background-repeat: initial; background-attachment: initial; background-origin: initial; background-clip: initial; color: rgb(79, 79, 79); line-height: 28px;\">\n<h5 class=\"card-title text-danger mt-4\" style=\"outline: 0px; margin-right: 0px; margin-bottom: 0.75rem; margin-left: 0px; padding: 0px; border: 0px; font-size: 1.25rem; vertical-align: baseline; background: transparent; line-height: 1.2; margin-top: 1.5rem !important; color: rgb(220, 53, 69) !important;\"><font face=\"Times New Roman\"><span style=\"font-size: 14px;\"><b>Caracteristici<\/b><\/span><\/font><\/h5>\n<p><font face=\"Times New Roman\"><span style=\"font-size: 14px;\">Conceput spre a fi utilizat \u00een lucr\u0103ri \u00een care se folosesc urm\u0103toarele materiale: h\u00e2rtie, materiale textile \u015fi plastice. Ideal pentru lipirea suprafe\u0163elor din lemn, metal, materiale textile, ceramica, piele, carton, zid\u0103rie. Potrivit acelor situa\u0163ii \u00een care este necesar\u0103 aderen\u0163a instantanee. Ecologic. Pentru umplerea de goluri \u015fi fi suri. Excelent\u0103 putere liant\u0103 \u00een stare crud\u0103. Are efect \u015fi pe suprafe\u0163e nelipicioase. Inodor. Usor de utilizat.<\/span><\/font><\/div>\n<p><font face=\"Times New Roman\"><a id=\"uygulama-alanlari\" style=\"letter-spacing: 1px; margin: 0px; padding: 0px; font-size: 16px; vertical-align: baseline; background: rgb(255, 255, 255); color: rgb(79, 79, 79); outline: none !important;\"><\/a><span style=\"color: rgb(79, 79, 79); font-size: 16px; letter-spacing: 1px;\"><\/span><\/font><\/p>\n<div id=\"application-area\" style=\"letter-spacing: 1px; outline: 0px; margin: 40px 0px 0px; padding: 0px; border: 0px; font-size: 14px; vertical-align: baseline; background-image: initial; background-position: initial; background-size: initial; background-repeat: initial; background-attachment: initial; background-origin: initial; background-clip: initial; color: rgb(79, 79, 79); line-height: 28px;\">\n<h5 class=\"card-title text-danger mt-4\" style=\"outline: 0px; margin-right: 0px; margin-bottom: 0.75rem; margin-left: 0px; padding: 0px; border: 0px; font-size: 1.25rem; vertical-align: baseline; background: transparent; line-height: 1.2; margin-top: 1.5rem !important; color: rgb(220, 53, 69) !important;\"><font face=\"Times New Roman\"><span style=\"font-size: 14px;\"><b>Domenii de aplicare<\/b><\/span><\/font><\/h5>\n<p><font face=\"Times New Roman\"><span style=\"font-size: 14px;\">Ideal pentru repara\u0163ii de uz casnic, lucr\u0103ri de bricolaj, artizanale \u015fi pentru hobby-uri.<\/span><\/font><\/div>","protected":false},"excerpt":{"rendered":"<p>Caracteristici Conceput spre a fi utilizat \u00een lucr\u0103ri \u00een care se folosesc urm\u0103toarele materiale: h\u00e2rtie, materiale textile \u015fi plastice. Ideal pentru lipirea suprafe\u0163elor din lemn, metal, materiale textile, ceramica, piele, carton, zid\u0103rie. Potrivit acelor situa\u0163ii \u00een care este necesar\u0103 aderen\u0163a instantanee. Ecologic. Pentru umplerea de goluri \u015fi fi suri. Excelent\u0103 putere liant\u0103 \u00een stare crud\u0103. [&hellip;]<\/p>","protected":false},"featured_media":25398,"comment_status":"open","ping_status":"closed","template":"","meta":[],"product_brand":[],"product_cat":[312],"product_tag":[],"class_list":{"0":"post-25399","1":"product","2":"type-product","3":"status-publish","4":"has-post-thumbnail","6":"product_cat-adezivi-si-cleiuri","8":"first","9":"instock","10":"shipping-taxable","11":"purchasable","12":"product-type-simple","13":"add-to-wishlist-after_add_to_cart"},"yoast_head":"<!-- This site is optimized with the Yoast SEO Premium plugin v21.5 (Yoast SEO v27.1.1) - https:\/\/yoast.com\/product\/yoast-seo-premium-wordpress\/ -->\n<title>HM208 BAGHET\u0102 ADEZIV TERMOFUZIBIL 11mm - Aktek Impex SRL<\/title>\n<meta name=\"robots\" content=\"index, follow, max-snippet:-1, max-image-preview:large, max-video-preview:-1\" \/>\n<link rel=\"canonical\" href=\"https:\/\/aktek.md\/ru\/product\/hm208-bagheta-adeziv-termofuzibil-11mm\/\" \/>\n<meta property=\"og:locale\" content=\"ru_RU\" \/>\n<meta property=\"og:type\" content=\"article\" \/>\n<meta property=\"og:title\" content=\"HM208 BAGHET\u0102 ADEZIV TERMOFUZIBIL 11mm\" \/>\n<meta property=\"og:description\" content=\"Caracteristici Conceput spre a fi utilizat \u00een lucr\u0103ri \u00een care se folosesc urm\u0103toarele materiale: h\u00e2rtie, materiale textile \u015fi plastice. Ideal pentru lipirea suprafe\u0163elor din lemn, metal, materiale textile, ceramica, piele, carton, zid\u0103rie. Potrivit acelor situa\u0163ii \u00een care este necesar\u0103 aderen\u0163a instantanee. Ecologic. Pentru umplerea de goluri \u015fi fi suri. Excelent\u0103 putere liant\u0103 \u00een stare crud\u0103. [&hellip;]\" \/>\n<meta property=\"og:url\" content=\"https:\/\/aktek.md\/ru\/product\/hm208-bagheta-adeziv-termofuzibil-11mm\/\" \/>\n<meta property=\"og:site_name\" content=\"Aktek Impex SRL\" \/>\n<meta property=\"article:publisher\" content=\"https:\/\/www.facebook.com\/\" \/>\n<meta property=\"og:image\" content=\"https:\/\/aktek.md\/wp-content\/uploads\/2022\/04\/HM208-1-67c.png\" \/>\n\t<meta property=\"og:image:width\" content=\"310\" \/>\n\t<meta property=\"og:image:height\" content=\"600\" \/>\n\t<meta property=\"og:image:type\" content=\"image\/png\" \/>\n<meta name=\"twitter:card\" content=\"summary_large_image\" \/>\n<script type=\"application\/ld+json\" class=\"yoast-schema-graph\">{\"@context\":\"https:\/\/schema.org\",\"@graph\":[{\"@type\":\"WebPage\",\"@id\":\"https:\/\/aktek.md\/product\/hm208-bagheta-adeziv-termofuzibil-11mm\/\",\"url\":\"https:\/\/aktek.md\/product\/hm208-bagheta-adeziv-termofuzibil-11mm\/\",\"name\":\"HM208 BAGHET\u0102 ADEZIV TERMOFUZIBIL 11mm - Aktek Impex SRL\",\"isPartOf\":{\"@id\":\"https:\/\/aktek.md\/#website\"},\"primaryImageOfPage\":{\"@id\":\"https:\/\/aktek.md\/product\/hm208-bagheta-adeziv-termofuzibil-11mm\/#primaryimage\"},\"image\":{\"@id\":\"https:\/\/aktek.md\/product\/hm208-bagheta-adeziv-termofuzibil-11mm\/#primaryimage\"},\"thumbnailUrl\":\"https:\/\/aktek.md\/wp-content\/uploads\/2022\/04\/HM208-1-67c.png\",\"datePublished\":\"2022-04-11T09:07:40+00:00\",\"breadcrumb\":{\"@id\":\"https:\/\/aktek.md\/product\/hm208-bagheta-adeziv-termofuzibil-11mm\/#breadcrumb\"},\"inLanguage\":\"ru-RU\",\"potentialAction\":[{\"@type\":\"ReadAction\",\"target\":[\"https:\/\/aktek.md\/product\/hm208-bagheta-adeziv-termofuzibil-11mm\/\"]}]},{\"@type\":\"ImageObject\",\"inLanguage\":\"ru-RU\",\"@id\":\"https:\/\/aktek.md\/product\/hm208-bagheta-adeziv-termofuzibil-11mm\/#primaryimage\",\"url\":\"https:\/\/aktek.md\/wp-content\/uploads\/2022\/04\/HM208-1-67c.png\",\"contentUrl\":\"https:\/\/aktek.md\/wp-content\/uploads\/2022\/04\/HM208-1-67c.png\",\"width\":310,\"height\":600,\"caption\":\"HM208 BAGHET\u0102 ADEZIV TERMOFUZIBIL 11mm\"},{\"@type\":\"BreadcrumbList\",\"@id\":\"https:\/\/aktek.md\/product\/hm208-bagheta-adeziv-termofuzibil-11mm\/#breadcrumb\",\"itemListElement\":[{\"@type\":\"ListItem\",\"position\":1,\"name\":\"Prima pagin\u0103\",\"item\":\"https:\/\/aktek.md\/\"},{\"@type\":\"ListItem\",\"position\":2,\"name\":\"Magazin\",\"item\":\"https:\/\/aktek.md\/magazin\/\"},{\"@type\":\"ListItem\",\"position\":3,\"name\":\"HM208 BAGHET\u0102 ADEZIV TERMOFUZIBIL 11mm\"}]},{\"@type\":\"WebSite\",\"@id\":\"https:\/\/aktek.md\/#website\",\"url\":\"https:\/\/aktek.md\/\",\"name\":\"Aktek Impex SRL\",\"description\":\"Aktek Impex SRL\",\"publisher\":{\"@id\":\"https:\/\/aktek.md\/#organization\"},\"alternateName\":\"Aktek Impex SRL\",\"potentialAction\":[{\"@type\":\"SearchAction\",\"target\":{\"@type\":\"EntryPoint\",\"urlTemplate\":\"https:\/\/aktek.md\/?s={search_term_string}\"},\"query-input\":{\"@type\":\"PropertyValueSpecification\",\"valueRequired\":true,\"valueName\":\"search_term_string\"}}],\"inLanguage\":\"ru-RU\"},{\"@type\":\"Organization\",\"@id\":\"https:\/\/aktek.md\/#organization\",\"name\":\"Aktek Impex SRL\",\"url\":\"https:\/\/aktek.md\/\",\"logo\":{\"@type\":\"ImageObject\",\"inLanguage\":\"ru-RU\",\"@id\":\"https:\/\/aktek.md\/#\/schema\/logo\/image\/\",\"url\":\"https:\/\/aktek.md\/wp-content\/uploads\/2023\/11\/akteklogo.png\",\"contentUrl\":\"https:\/\/aktek.md\/wp-content\/uploads\/2023\/11\/akteklogo.png\",\"width\":120,\"height\":50,\"caption\":\"Aktek Impex SRL\"},\"image\":{\"@id\":\"https:\/\/aktek.md\/#\/schema\/logo\/image\/\"},\"sameAs\":[\"https:\/\/www.facebook.com\/\",\"https:\/\/www.instagram.com\/\"]}]}<\/script>\n<!-- \/ Yoast SEO Premium plugin. -->","yoast_head_json":{"title":"HM208 BAGHET\u0102 ADEZIV TERMOFUZIBIL 11mm - Aktek Impex SRL","robots":{"index":"index","follow":"follow","max-snippet":"max-snippet:-1","max-image-preview":"max-image-preview:large","max-video-preview":"max-video-preview:-1"},"canonical":"https:\/\/aktek.md\/ru\/product\/hm208-bagheta-adeziv-termofuzibil-11mm\/","og_locale":"ru_RU","og_type":"article","og_title":"HM208 BAGHET\u0102 ADEZIV TERMOFUZIBIL 11mm","og_description":"Caracteristici Conceput spre a fi utilizat \u00een lucr\u0103ri \u00een care se folosesc urm\u0103toarele materiale: h\u00e2rtie, materiale textile \u015fi plastice. Ideal pentru lipirea suprafe\u0163elor din lemn, metal, materiale textile, ceramica, piele, carton, zid\u0103rie. Potrivit acelor situa\u0163ii \u00een care este necesar\u0103 aderen\u0163a instantanee. Ecologic. Pentru umplerea de goluri \u015fi fi suri. Excelent\u0103 putere liant\u0103 \u00een stare crud\u0103. [&hellip;]","og_url":"https:\/\/aktek.md\/ru\/product\/hm208-bagheta-adeziv-termofuzibil-11mm\/","og_site_name":"Aktek Impex SRL","article_publisher":"https:\/\/www.facebook.com\/","og_image":[{"width":310,"height":600,"url":"https:\/\/aktek.md\/wp-content\/uploads\/2022\/04\/HM208-1-67c.png","type":"image\/png"}],"twitter_card":"summary_large_image","schema":{"@context":"https:\/\/schema.org","@graph":[{"@type":"WebPage","@id":"https:\/\/aktek.md\/product\/hm208-bagheta-adeziv-termofuzibil-11mm\/","url":"https:\/\/aktek.md\/product\/hm208-bagheta-adeziv-termofuzibil-11mm\/","name":"HM208 BAGHET\u0102 ADEZIV TERMOFUZIBIL 11mm - Aktek Impex SRL","isPartOf":{"@id":"https:\/\/aktek.md\/#website"},"primaryImageOfPage":{"@id":"https:\/\/aktek.md\/product\/hm208-bagheta-adeziv-termofuzibil-11mm\/#primaryimage"},"image":{"@id":"https:\/\/aktek.md\/product\/hm208-bagheta-adeziv-termofuzibil-11mm\/#primaryimage"},"thumbnailUrl":"https:\/\/aktek.md\/wp-content\/uploads\/2022\/04\/HM208-1-67c.png","datePublished":"2022-04-11T09:07:40+00:00","breadcrumb":{"@id":"https:\/\/aktek.md\/product\/hm208-bagheta-adeziv-termofuzibil-11mm\/#breadcrumb"},"inLanguage":"ru-RU","potentialAction":[{"@type":"ReadAction","target":["https:\/\/aktek.md\/product\/hm208-bagheta-adeziv-termofuzibil-11mm\/"]}]},{"@type":"ImageObject","inLanguage":"ru-RU","@id":"https:\/\/aktek.md\/product\/hm208-bagheta-adeziv-termofuzibil-11mm\/#primaryimage","url":"https:\/\/aktek.md\/wp-content\/uploads\/2022\/04\/HM208-1-67c.png","contentUrl":"https:\/\/aktek.md\/wp-content\/uploads\/2022\/04\/HM208-1-67c.png","width":310,"height":600,"caption":"HM208 BAGHET\u0102 ADEZIV TERMOFUZIBIL 11mm"},{"@type":"BreadcrumbList","@id":"https:\/\/aktek.md\/product\/hm208-bagheta-adeziv-termofuzibil-11mm\/#breadcrumb","itemListElement":[{"@type":"ListItem","position":1,"name":"Prima pagin\u0103","item":"https:\/\/aktek.md\/"},{"@type":"ListItem","position":2,"name":"Magazin","item":"https:\/\/aktek.md\/magazin\/"},{"@type":"ListItem","position":3,"name":"HM208 BAGHET\u0102 ADEZIV TERMOFUZIBIL 11mm"}]},{"@type":"WebSite","@id":"https:\/\/aktek.md\/#website","url":"https:\/\/aktek.md\/","name":"Aktek Impex SRL","description":"Aktek Impex SRL","publisher":{"@id":"https:\/\/aktek.md\/#organization"},"alternateName":"Aktek Impex SRL","potentialAction":[{"@type":"SearchAction","target":{"@type":"EntryPoint","urlTemplate":"https:\/\/aktek.md\/?s={search_term_string}"},"query-input":{"@type":"PropertyValueSpecification","valueRequired":true,"valueName":"search_term_string"}}],"inLanguage":"ru-RU"},{"@type":"Organization","@id":"https:\/\/aktek.md\/#organization","name":"Aktek Impex SRL","url":"https:\/\/aktek.md\/","logo":{"@type":"ImageObject","inLanguage":"ru-RU","@id":"https:\/\/aktek.md\/#\/schema\/logo\/image\/","url":"https:\/\/aktek.md\/wp-content\/uploads\/2023\/11\/akteklogo.png","contentUrl":"https:\/\/aktek.md\/wp-content\/uploads\/2023\/11\/akteklogo.png","width":120,"height":50,"caption":"Aktek Impex SRL"},"image":{"@id":"https:\/\/aktek.md\/#\/schema\/logo\/image\/"},"sameAs":["https:\/\/www.facebook.com\/","https:\/\/www.instagram.com\/"]}]}},"_links":{"self":[{"href":"https:\/\/aktek.md\/ru\/wp-json\/wp\/v2\/product\/25399","targetHints":{"allow":["GET"]}}],"collection":[{"href":"https:\/\/aktek.md\/ru\/wp-json\/wp\/v2\/product"}],"about":[{"href":"https:\/\/aktek.md\/ru\/wp-json\/wp\/v2\/types\/product"}],"replies":[{"embeddable":true,"href":"https:\/\/aktek.md\/ru\/wp-json\/wp\/v2\/comments?post=25399"}],"wp:featuredmedia":[{"embeddable":true,"href":"https:\/\/aktek.md\/ru\/wp-json\/wp\/v2\/media\/25398"}],"wp:attachment":[{"href":"https:\/\/aktek.md\/ru\/wp-json\/wp\/v2\/media?parent=25399"}],"wp:term":[{"taxonomy":"product_brand","embeddable":true,"href":"https:\/\/aktek.md\/ru\/wp-json\/wp\/v2\/product_brand?post=25399"},{"taxonomy":"product_cat","embeddable":true,"href":"https:\/\/aktek.md\/ru\/wp-json\/wp\/v2\/product_cat?post=25399"},{"taxonomy":"product_tag","embeddable":true,"href":"https:\/\/aktek.md\/ru\/wp-json\/wp\/v2\/product_tag?post=25399"}],"curies":[{"name":"wp","href":"https:\/\/api.w.org\/{rel}","templated":true}]}}