{"id":25402,"date":"2022-04-12T05:31:23","date_gmt":"2022-04-12T02:31:23","guid":{"rendered":"https:\/\/textil.md\/akteknou\/product\/spray-vopsea-finisaj-stralucitor-albastru-ral5017\/"},"modified":"2022-04-12T05:31:23","modified_gmt":"2022-04-12T02:31:23","slug":"spray-vopsea-finisaj-stralucitor-albastru-ral5017","status":"publish","type":"product","link":"https:\/\/aktek.md\/ru\/product\/spray-vopsea-finisaj-stralucitor-albastru-ral5017\/","title":{"rendered":"SPRAY VOPSEA FINISAJ STR\u0102LUCITOR ALBASTRU RAL5017"},"content":{"rendered":"<p style=\"outline: 0px; -webkit-font-smoothing: antialiased; margin-bottom: 10px; padding-top: 0px; color: rgb(50, 49, 49); font-family: Roboto; font-size: 14px;\"><span style=\"outline: 0px; -webkit-font-smoothing: antialiased; color: rgb(79, 79, 79); letter-spacing: 1px;\"><font face=\"Times New Roman\" style=\"outline: 0px; -webkit-font-smoothing: antialiased;\">Ofer\u0103 un aspect asem\u0103n\u0103tor cromului lustruit ori aurului; efect de lung\u0103 durat\u0103; pentru netezirea suprafe\u0163elor. Nu este rezistent intemperiilor. Nu este rezistent la abraziune; prin urmare, nu este potrivit pentru pulverizarea pe obiecte de uz casnic, folosite zilnic.<\/font><\/span><\/p>\n<div id=\"properties\" style=\"outline: 0px; -webkit-font-smoothing: antialiased; font-family: Roboto; font-size: 14px; background-image: initial; background-position: initial; background-size: initial; background-repeat: initial; background-attachment: initial; background-origin: initial; background-clip: initial; letter-spacing: 1px; margin: 40px 0px 0px; padding: 0px; border: 0px; vertical-align: baseline; color: rgb(79, 79, 79); line-height: 28px;\">\n<h5 class=\"card-title text-danger mt-4\" style=\"outline: 0px; -webkit-font-smoothing: antialiased; line-height: 1.2; margin-bottom: 0.75rem; font-size: 1.25rem; padding: 0px; margin-right: 0px; margin-left: 0px; font-family: Roboto; border: 0px; vertical-align: baseline; background: transparent; color: rgb(220, 53, 69) !important; margin-top: 1.5rem !important;\"><font face=\"Times New Roman\" style=\"outline: 0px; -webkit-font-smoothing: antialiased;\"><span style=\"outline: 0px; -webkit-font-smoothing: antialiased; font-size: 14px;\">Caracteristici<\/span><\/font><\/h5>\n<p><font face=\"Times New Roman\" style=\"outline: 0px; -webkit-font-smoothing: antialiased;\">Substanta acrilic\u0103 de calitate superioar\u0103. Rezistent la ap\u0103 \u015fi la detergen\u0163ii obi\u015fnui\u0163i. Efectul lucios se poate schimba prin frecare sau \u015ftergere energetica. Culoarea con\u0163inutului similara celei de pe capac. Grad foarte bun de acoperire. Luciu intens. Aderen\u0163\u0103 excelent\u0103. Debit bun. Suprafa\u0163\u0103 neted\u0103. Uscarea rapid\u0103 (timpul de uscare depinde temperatura din jur, umiditatea aerului \u015fi grosimea stratului aplicat).<\/font><\/div>\n<div id=\"application-area\" style=\"outline: 0px; -webkit-font-smoothing: antialiased; font-family: Roboto; font-size: 14px; background-image: initial; background-position: initial; background-size: initial; background-repeat: initial; background-attachment: initial; background-origin: initial; background-clip: initial; letter-spacing: 1px; margin: 40px 0px 0px; padding: 0px; border: 0px; vertical-align: baseline; color: rgb(79, 79, 79); line-height: 28px;\">\n<h5 class=\"card-title text-danger mt-4\" style=\"outline: 0px; -webkit-font-smoothing: antialiased; line-height: 1.2; margin-bottom: 0.75rem; font-size: 1.25rem; padding: 0px; margin-right: 0px; margin-left: 0px; font-family: Roboto; border: 0px; vertical-align: baseline; background: transparent; color: rgb(220, 53, 69) !important; margin-top: 1.5rem !important;\"><font face=\"Times New Roman\" style=\"outline: 0px; -webkit-font-smoothing: antialiased;\"><span style=\"outline: 0px; -webkit-font-smoothing: antialiased; font-size: 14px;\">Domenii de aplicare<\/span><\/font><\/h5>\n<p><font face=\"Times New Roman\" style=\"outline: 0px; -webkit-font-smoothing: antialiased;\">Potrivit pentru toate suprafe\u0163ele netede precum metalul, lemnul, sticla \u015fi multe materiale plastice de acoperire. Indispensabil asambl\u0103rii cabinelor, decoratiunilor, aranjamentelor florale etc. Acest produs consituie, de asemenea, o minunata alegere pentru lucr\u0103rile de artizanat si bricolaj, activitati fie desfasurate acasa, fie in cadrul cursurilor artistice organizate.<\/font><\/div>","protected":false},"excerpt":{"rendered":"<p>Ofer\u0103 un aspect asem\u0103n\u0103tor cromului lustruit ori aurului; efect de lung\u0103 durat\u0103; pentru netezirea suprafe\u0163elor. Nu este rezistent intemperiilor. Nu este rezistent la abraziune; prin urmare, nu este potrivit pentru pulverizarea pe obiecte de uz casnic, folosite zilnic. Caracteristici Substanta acrilic\u0103 de calitate superioar\u0103. Rezistent la ap\u0103 \u015fi la detergen\u0163ii obi\u015fnui\u0163i. Efectul lucios se poate [&hellip;]<\/p>","protected":false},"featured_media":25400,"comment_status":"open","ping_status":"closed","template":"","meta":[],"product_brand":[],"product_cat":[319],"product_tag":[],"class_list":{"0":"post-25402","1":"product","2":"type-product","3":"status-publish","4":"has-post-thumbnail","6":"product_cat-spray-vopsele","8":"first","9":"instock","10":"shipping-taxable","11":"purchasable","12":"product-type-simple","13":"add-to-wishlist-after_add_to_cart"},"yoast_head":"<!-- This site is optimized with the Yoast SEO Premium plugin v21.5 (Yoast SEO v27.1.1) - https:\/\/yoast.com\/product\/yoast-seo-premium-wordpress\/ -->\n<title>SPRAY VOPSEA FINISAJ STR\u0102LUCITOR ALBASTRU RAL5017 - Aktek Impex SRL<\/title>\n<meta name=\"robots\" content=\"index, follow, max-snippet:-1, max-image-preview:large, max-video-preview:-1\" \/>\n<link rel=\"canonical\" href=\"https:\/\/aktek.md\/ru\/product\/spray-vopsea-finisaj-stralucitor-albastru-ral5017\/\" \/>\n<meta property=\"og:locale\" content=\"ru_RU\" \/>\n<meta property=\"og:type\" content=\"article\" \/>\n<meta property=\"og:title\" content=\"SPRAY VOPSEA FINISAJ STR\u0102LUCITOR ALBASTRU RAL5017\" \/>\n<meta property=\"og:description\" content=\"Ofer\u0103 un aspect asem\u0103n\u0103tor cromului lustruit ori aurului; efect de lung\u0103 durat\u0103; pentru netezirea suprafe\u0163elor. Nu este rezistent intemperiilor. Nu este rezistent la abraziune; prin urmare, nu este potrivit pentru pulverizarea pe obiecte de uz casnic, folosite zilnic. Caracteristici Substanta acrilic\u0103 de calitate superioar\u0103. Rezistent la ap\u0103 \u015fi la detergen\u0163ii obi\u015fnui\u0163i. Efectul lucios se poate [&hellip;]\" \/>\n<meta property=\"og:url\" content=\"https:\/\/aktek.md\/ru\/product\/spray-vopsea-finisaj-stralucitor-albastru-ral5017\/\" \/>\n<meta property=\"og:site_name\" content=\"Aktek Impex SRL\" \/>\n<meta property=\"article:publisher\" content=\"https:\/\/www.facebook.com\/\" \/>\n<meta property=\"og:image\" content=\"https:\/\/aktek.md\/wp-content\/uploads\/2022\/04\/metal_glossy_effect_spray_paint-3d0.png\" \/>\n\t<meta property=\"og:image:width\" content=\"156\" \/>\n\t<meta property=\"og:image:height\" content=\"600\" \/>\n\t<meta property=\"og:image:type\" content=\"image\/png\" \/>\n<meta name=\"twitter:card\" content=\"summary_large_image\" \/>\n<meta name=\"twitter:label1\" content=\"\u041f\u0440\u0438\u043c\u0435\u0440\u043d\u043e\u0435 \u0432\u0440\u0435\u043c\u044f \u0434\u043b\u044f \u0447\u0442\u0435\u043d\u0438\u044f\" \/>\n\t<meta name=\"twitter:data1\" content=\"1 \u043c\u0438\u043d\u0443\u0442\u0430\" \/>\n<script type=\"application\/ld+json\" class=\"yoast-schema-graph\">{\"@context\":\"https:\/\/schema.org\",\"@graph\":[{\"@type\":\"WebPage\",\"@id\":\"https:\/\/aktek.md\/product\/spray-vopsea-finisaj-stralucitor-albastru-ral5017\/\",\"url\":\"https:\/\/aktek.md\/product\/spray-vopsea-finisaj-stralucitor-albastru-ral5017\/\",\"name\":\"SPRAY VOPSEA FINISAJ STR\u0102LUCITOR ALBASTRU RAL5017 - Aktek Impex SRL\",\"isPartOf\":{\"@id\":\"https:\/\/aktek.md\/#website\"},\"primaryImageOfPage\":{\"@id\":\"https:\/\/aktek.md\/product\/spray-vopsea-finisaj-stralucitor-albastru-ral5017\/#primaryimage\"},\"image\":{\"@id\":\"https:\/\/aktek.md\/product\/spray-vopsea-finisaj-stralucitor-albastru-ral5017\/#primaryimage\"},\"thumbnailUrl\":\"https:\/\/aktek.md\/wp-content\/uploads\/2022\/04\/metal_glossy_effect_spray_paint-3d0.png\",\"datePublished\":\"2022-04-12T02:31:23+00:00\",\"breadcrumb\":{\"@id\":\"https:\/\/aktek.md\/product\/spray-vopsea-finisaj-stralucitor-albastru-ral5017\/#breadcrumb\"},\"inLanguage\":\"ru-RU\",\"potentialAction\":[{\"@type\":\"ReadAction\",\"target\":[\"https:\/\/aktek.md\/product\/spray-vopsea-finisaj-stralucitor-albastru-ral5017\/\"]}]},{\"@type\":\"ImageObject\",\"inLanguage\":\"ru-RU\",\"@id\":\"https:\/\/aktek.md\/product\/spray-vopsea-finisaj-stralucitor-albastru-ral5017\/#primaryimage\",\"url\":\"https:\/\/aktek.md\/wp-content\/uploads\/2022\/04\/metal_glossy_effect_spray_paint-3d0.png\",\"contentUrl\":\"https:\/\/aktek.md\/wp-content\/uploads\/2022\/04\/metal_glossy_effect_spray_paint-3d0.png\",\"width\":156,\"height\":600,\"caption\":\"SPRAY VOPSEA FINISAJ STR\u0102LUCITOR NEGRU RAL9005\"},{\"@type\":\"BreadcrumbList\",\"@id\":\"https:\/\/aktek.md\/product\/spray-vopsea-finisaj-stralucitor-albastru-ral5017\/#breadcrumb\",\"itemListElement\":[{\"@type\":\"ListItem\",\"position\":1,\"name\":\"Prima pagin\u0103\",\"item\":\"https:\/\/aktek.md\/\"},{\"@type\":\"ListItem\",\"position\":2,\"name\":\"Magazin\",\"item\":\"https:\/\/aktek.md\/magazin\/\"},{\"@type\":\"ListItem\",\"position\":3,\"name\":\"SPRAY VOPSEA FINISAJ STR\u0102LUCITOR ALBASTRU RAL5017\"}]},{\"@type\":\"WebSite\",\"@id\":\"https:\/\/aktek.md\/#website\",\"url\":\"https:\/\/aktek.md\/\",\"name\":\"Aktek Impex SRL\",\"description\":\"Aktek Impex SRL\",\"publisher\":{\"@id\":\"https:\/\/aktek.md\/#organization\"},\"alternateName\":\"Aktek Impex SRL\",\"potentialAction\":[{\"@type\":\"SearchAction\",\"target\":{\"@type\":\"EntryPoint\",\"urlTemplate\":\"https:\/\/aktek.md\/?s={search_term_string}\"},\"query-input\":{\"@type\":\"PropertyValueSpecification\",\"valueRequired\":true,\"valueName\":\"search_term_string\"}}],\"inLanguage\":\"ru-RU\"},{\"@type\":\"Organization\",\"@id\":\"https:\/\/aktek.md\/#organization\",\"name\":\"Aktek Impex SRL\",\"url\":\"https:\/\/aktek.md\/\",\"logo\":{\"@type\":\"ImageObject\",\"inLanguage\":\"ru-RU\",\"@id\":\"https:\/\/aktek.md\/#\/schema\/logo\/image\/\",\"url\":\"https:\/\/aktek.md\/wp-content\/uploads\/2023\/11\/akteklogo.png\",\"contentUrl\":\"https:\/\/aktek.md\/wp-content\/uploads\/2023\/11\/akteklogo.png\",\"width\":120,\"height\":50,\"caption\":\"Aktek Impex SRL\"},\"image\":{\"@id\":\"https:\/\/aktek.md\/#\/schema\/logo\/image\/\"},\"sameAs\":[\"https:\/\/www.facebook.com\/\",\"https:\/\/www.instagram.com\/\"]}]}<\/script>\n<!-- \/ Yoast SEO Premium plugin. -->","yoast_head_json":{"title":"SPRAY VOPSEA FINISAJ STR\u0102LUCITOR ALBASTRU RAL5017 - Aktek Impex SRL","robots":{"index":"index","follow":"follow","max-snippet":"max-snippet:-1","max-image-preview":"max-image-preview:large","max-video-preview":"max-video-preview:-1"},"canonical":"https:\/\/aktek.md\/ru\/product\/spray-vopsea-finisaj-stralucitor-albastru-ral5017\/","og_locale":"ru_RU","og_type":"article","og_title":"SPRAY VOPSEA FINISAJ STR\u0102LUCITOR ALBASTRU RAL5017","og_description":"Ofer\u0103 un aspect asem\u0103n\u0103tor cromului lustruit ori aurului; efect de lung\u0103 durat\u0103; pentru netezirea suprafe\u0163elor. Nu este rezistent intemperiilor. Nu este rezistent la abraziune; prin urmare, nu este potrivit pentru pulverizarea pe obiecte de uz casnic, folosite zilnic. Caracteristici Substanta acrilic\u0103 de calitate superioar\u0103. Rezistent la ap\u0103 \u015fi la detergen\u0163ii obi\u015fnui\u0163i. Efectul lucios se poate [&hellip;]","og_url":"https:\/\/aktek.md\/ru\/product\/spray-vopsea-finisaj-stralucitor-albastru-ral5017\/","og_site_name":"Aktek Impex SRL","article_publisher":"https:\/\/www.facebook.com\/","og_image":[{"width":156,"height":600,"url":"https:\/\/aktek.md\/wp-content\/uploads\/2022\/04\/metal_glossy_effect_spray_paint-3d0.png","type":"image\/png"}],"twitter_card":"summary_large_image","twitter_misc":{"\u041f\u0440\u0438\u043c\u0435\u0440\u043d\u043e\u0435 \u0432\u0440\u0435\u043c\u044f \u0434\u043b\u044f \u0447\u0442\u0435\u043d\u0438\u044f":"1 \u043c\u0438\u043d\u0443\u0442\u0430"},"schema":{"@context":"https:\/\/schema.org","@graph":[{"@type":"WebPage","@id":"https:\/\/aktek.md\/product\/spray-vopsea-finisaj-stralucitor-albastru-ral5017\/","url":"https:\/\/aktek.md\/product\/spray-vopsea-finisaj-stralucitor-albastru-ral5017\/","name":"SPRAY VOPSEA FINISAJ STR\u0102LUCITOR ALBASTRU RAL5017 - Aktek Impex SRL","isPartOf":{"@id":"https:\/\/aktek.md\/#website"},"primaryImageOfPage":{"@id":"https:\/\/aktek.md\/product\/spray-vopsea-finisaj-stralucitor-albastru-ral5017\/#primaryimage"},"image":{"@id":"https:\/\/aktek.md\/product\/spray-vopsea-finisaj-stralucitor-albastru-ral5017\/#primaryimage"},"thumbnailUrl":"https:\/\/aktek.md\/wp-content\/uploads\/2022\/04\/metal_glossy_effect_spray_paint-3d0.png","datePublished":"2022-04-12T02:31:23+00:00","breadcrumb":{"@id":"https:\/\/aktek.md\/product\/spray-vopsea-finisaj-stralucitor-albastru-ral5017\/#breadcrumb"},"inLanguage":"ru-RU","potentialAction":[{"@type":"ReadAction","target":["https:\/\/aktek.md\/product\/spray-vopsea-finisaj-stralucitor-albastru-ral5017\/"]}]},{"@type":"ImageObject","inLanguage":"ru-RU","@id":"https:\/\/aktek.md\/product\/spray-vopsea-finisaj-stralucitor-albastru-ral5017\/#primaryimage","url":"https:\/\/aktek.md\/wp-content\/uploads\/2022\/04\/metal_glossy_effect_spray_paint-3d0.png","contentUrl":"https:\/\/aktek.md\/wp-content\/uploads\/2022\/04\/metal_glossy_effect_spray_paint-3d0.png","width":156,"height":600,"caption":"SPRAY VOPSEA FINISAJ STR\u0102LUCITOR NEGRU RAL9005"},{"@type":"BreadcrumbList","@id":"https:\/\/aktek.md\/product\/spray-vopsea-finisaj-stralucitor-albastru-ral5017\/#breadcrumb","itemListElement":[{"@type":"ListItem","position":1,"name":"Prima pagin\u0103","item":"https:\/\/aktek.md\/"},{"@type":"ListItem","position":2,"name":"Magazin","item":"https:\/\/aktek.md\/magazin\/"},{"@type":"ListItem","position":3,"name":"SPRAY VOPSEA FINISAJ STR\u0102LUCITOR ALBASTRU RAL5017"}]},{"@type":"WebSite","@id":"https:\/\/aktek.md\/#website","url":"https:\/\/aktek.md\/","name":"Aktek Impex SRL","description":"Aktek Impex SRL","publisher":{"@id":"https:\/\/aktek.md\/#organization"},"alternateName":"Aktek Impex SRL","potentialAction":[{"@type":"SearchAction","target":{"@type":"EntryPoint","urlTemplate":"https:\/\/aktek.md\/?s={search_term_string}"},"query-input":{"@type":"PropertyValueSpecification","valueRequired":true,"valueName":"search_term_string"}}],"inLanguage":"ru-RU"},{"@type":"Organization","@id":"https:\/\/aktek.md\/#organization","name":"Aktek Impex SRL","url":"https:\/\/aktek.md\/","logo":{"@type":"ImageObject","inLanguage":"ru-RU","@id":"https:\/\/aktek.md\/#\/schema\/logo\/image\/","url":"https:\/\/aktek.md\/wp-content\/uploads\/2023\/11\/akteklogo.png","contentUrl":"https:\/\/aktek.md\/wp-content\/uploads\/2023\/11\/akteklogo.png","width":120,"height":50,"caption":"Aktek Impex SRL"},"image":{"@id":"https:\/\/aktek.md\/#\/schema\/logo\/image\/"},"sameAs":["https:\/\/www.facebook.com\/","https:\/\/www.instagram.com\/"]}]}},"_links":{"self":[{"href":"https:\/\/aktek.md\/ru\/wp-json\/wp\/v2\/product\/25402","targetHints":{"allow":["GET"]}}],"collection":[{"href":"https:\/\/aktek.md\/ru\/wp-json\/wp\/v2\/product"}],"about":[{"href":"https:\/\/aktek.md\/ru\/wp-json\/wp\/v2\/types\/product"}],"replies":[{"embeddable":true,"href":"https:\/\/aktek.md\/ru\/wp-json\/wp\/v2\/comments?post=25402"}],"wp:featuredmedia":[{"embeddable":true,"href":"https:\/\/aktek.md\/ru\/wp-json\/wp\/v2\/media\/25400"}],"wp:attachment":[{"href":"https:\/\/aktek.md\/ru\/wp-json\/wp\/v2\/media?parent=25402"}],"wp:term":[{"taxonomy":"product_brand","embeddable":true,"href":"https:\/\/aktek.md\/ru\/wp-json\/wp\/v2\/product_brand?post=25402"},{"taxonomy":"product_cat","embeddable":true,"href":"https:\/\/aktek.md\/ru\/wp-json\/wp\/v2\/product_cat?post=25402"},{"taxonomy":"product_tag","embeddable":true,"href":"https:\/\/aktek.md\/ru\/wp-json\/wp\/v2\/product_tag?post=25402"}],"curies":[{"name":"wp","href":"https:\/\/api.w.org\/{rel}","templated":true}]}}