{"id":25425,"date":"2022-06-12T18:32:29","date_gmt":"2022-06-12T15:32:29","guid":{"rendered":"https:\/\/textil.md\/akteknou\/product\/a117-spuma-curatare-anvelope-si-jante-finisaj-stralucitor\/"},"modified":"2022-06-12T18:32:29","modified_gmt":"2022-06-12T15:32:29","slug":"a117-spuma-curatare-anvelope-si-jante-finisaj-stralucitor","status":"publish","type":"product","link":"https:\/\/aktek.md\/ru\/product\/a117-spuma-curatare-anvelope-si-jante-finisaj-stralucitor\/","title":{"rendered":"A117 SPUM\u0102 CUR\u0102\u0162ARE ANVELOPE \u015eI JANTE \u2013 FINISAJ STR\u0102LUCITOR"},"content":{"rendered":"<div id=\"properties\" style=\"letter-spacing: 1px; outline: 0px; margin: 40px 0px 0px; padding: 0px; border: 0px; font-size: 14px; vertical-align: baseline; background-image: initial; background-position: initial; background-size: initial; background-repeat: initial; background-attachment: initial; background-origin: initial; background-clip: initial; color: rgb(79, 79, 79); font-family: GothamBook; line-height: 28px;\">\n<h5 class=\"card-title text-danger mt-4\" style=\"outline: 0px; margin-right: 0px; margin-bottom: 0.75rem; margin-left: 0px; padding: 0px; border: 0px; font-size: 1.25rem; vertical-align: baseline; background: transparent; line-height: 1.2; margin-top: 1.5rem !important; color: rgb(220, 53, 69) !important;\">Caracteristici<\/h5>\n<p>U\u015for de folosit. Nu con\u0163ine solven\u0163i inflamabili. Formula nu are pH acidic. Spuma cu ac\u0163iune automat\u0103 \u00eendep\u0103rteaz\u0103 reziduurile \u015fi murd\u0103rie. Face ca anvelopele s\u0103 arate ca noi. Cura\u0163a si ingrijeste.<\/p><\/div>\n<p><a id=\"uygulama-alanlari\" style=\"letter-spacing: 1px; margin: 0px; padding: 0px; font-size: 16px; vertical-align: baseline; background: rgb(255, 255, 255); color: rgb(79, 79, 79); font-family: GothamBook; outline: none !important;\"><\/a><span style=\"color: rgb(79, 79, 79); font-family: GothamBook; font-size: 16px; letter-spacing: 1px;\"><\/span><\/p>\n<div id=\"application-area\" style=\"letter-spacing: 1px; outline: 0px; margin: 40px 0px 0px; padding: 0px; border: 0px; font-size: 14px; vertical-align: baseline; background-image: initial; background-position: initial; background-size: initial; background-repeat: initial; background-attachment: initial; background-origin: initial; background-clip: initial; color: rgb(79, 79, 79); font-family: GothamBook; line-height: 28px;\">\n<h5 class=\"card-title text-danger mt-4\" style=\"outline: 0px; margin-right: 0px; margin-bottom: 0.75rem; margin-left: 0px; padding: 0px; border: 0px; font-size: 1.25rem; vertical-align: baseline; background: transparent; line-height: 1.2; margin-top: 1.5rem !important; color: rgb(220, 53, 69) !important;\">Domenii De Aplicare<\/h5>\n<p>Potrivit pentru toate tipurile de anvelope \u015fi de vehicule &#8211; cum ar fi biciclete, motociclete, automobile, microbuze, autobuze, camioane, camionete etc.<\/p><\/div>","protected":false},"excerpt":{"rendered":"<p>Caracteristici U\u015for de folosit. Nu con\u0163ine solven\u0163i inflamabili. Formula nu are pH acidic. Spuma cu ac\u0163iune automat\u0103 \u00eendep\u0103rteaz\u0103 reziduurile \u015fi murd\u0103rie. Face ca anvelopele s\u0103 arate ca noi. Cura\u0163a si ingrijeste. Domenii De Aplicare Potrivit pentru toate tipurile de anvelope \u015fi de vehicule &#8211; cum ar fi biciclete, motociclete, automobile, microbuze, autobuze, camioane, camionete etc.<\/p>","protected":false},"featured_media":25424,"comment_status":"open","ping_status":"closed","template":"","meta":[],"product_brand":[],"product_cat":[317],"product_tag":[],"class_list":{"0":"post-25425","1":"product","2":"type-product","3":"status-publish","4":"has-post-thumbnail","6":"product_cat-industria-auto-reparare-ingrijere","8":"first","9":"instock","10":"shipping-taxable","11":"purchasable","12":"product-type-simple","13":"add-to-wishlist-after_add_to_cart"},"yoast_head":"<!-- This site is optimized with the Yoast SEO Premium plugin v21.5 (Yoast SEO v27.1.1) - https:\/\/yoast.com\/product\/yoast-seo-premium-wordpress\/ -->\n<title>A117 SPUM\u0102 CUR\u0102\u0162ARE ANVELOPE \u015eI JANTE \u2013 FINISAJ STR\u0102LUCITOR - Aktek Impex SRL<\/title>\n<meta name=\"robots\" content=\"index, follow, max-snippet:-1, max-image-preview:large, max-video-preview:-1\" \/>\n<link rel=\"canonical\" href=\"https:\/\/aktek.md\/ru\/product\/a117-spuma-curatare-anvelope-si-jante-finisaj-stralucitor\/\" \/>\n<meta property=\"og:locale\" content=\"ru_RU\" \/>\n<meta property=\"og:type\" content=\"article\" \/>\n<meta property=\"og:title\" content=\"A117 SPUM\u0102 CUR\u0102\u0162ARE ANVELOPE \u015eI JANTE \u2013 FINISAJ STR\u0102LUCITOR\" \/>\n<meta property=\"og:description\" content=\"Caracteristici U\u015for de folosit. Nu con\u0163ine solven\u0163i inflamabili. Formula nu are pH acidic. Spuma cu ac\u0163iune automat\u0103 \u00eendep\u0103rteaz\u0103 reziduurile \u015fi murd\u0103rie. Face ca anvelopele s\u0103 arate ca noi. Cura\u0163a si ingrijeste. Domenii De Aplicare Potrivit pentru toate tipurile de anvelope \u015fi de vehicule &#8211; cum ar fi biciclete, motociclete, automobile, microbuze, autobuze, camioane, camionete etc.\" \/>\n<meta property=\"og:url\" content=\"https:\/\/aktek.md\/ru\/product\/a117-spuma-curatare-anvelope-si-jante-finisaj-stralucitor\/\" \/>\n<meta property=\"og:site_name\" content=\"Aktek Impex SRL\" \/>\n<meta property=\"article:publisher\" content=\"https:\/\/www.facebook.com\/\" \/>\n<meta property=\"og:image\" content=\"https:\/\/aktek.md\/wp-content\/uploads\/2022\/06\/A117-ace.png\" \/>\n\t<meta property=\"og:image:width\" content=\"151\" \/>\n\t<meta property=\"og:image:height\" content=\"600\" \/>\n\t<meta property=\"og:image:type\" content=\"image\/png\" \/>\n<meta name=\"twitter:card\" content=\"summary_large_image\" \/>\n<script type=\"application\/ld+json\" class=\"yoast-schema-graph\">{\"@context\":\"https:\/\/schema.org\",\"@graph\":[{\"@type\":\"WebPage\",\"@id\":\"https:\/\/aktek.md\/product\/a117-spuma-curatare-anvelope-si-jante-finisaj-stralucitor\/\",\"url\":\"https:\/\/aktek.md\/product\/a117-spuma-curatare-anvelope-si-jante-finisaj-stralucitor\/\",\"name\":\"A117 SPUM\u0102 CUR\u0102\u0162ARE ANVELOPE \u015eI JANTE \u2013 FINISAJ STR\u0102LUCITOR - Aktek Impex SRL\",\"isPartOf\":{\"@id\":\"https:\/\/aktek.md\/#website\"},\"primaryImageOfPage\":{\"@id\":\"https:\/\/aktek.md\/product\/a117-spuma-curatare-anvelope-si-jante-finisaj-stralucitor\/#primaryimage\"},\"image\":{\"@id\":\"https:\/\/aktek.md\/product\/a117-spuma-curatare-anvelope-si-jante-finisaj-stralucitor\/#primaryimage\"},\"thumbnailUrl\":\"https:\/\/aktek.md\/wp-content\/uploads\/2022\/06\/A117-ace.png\",\"datePublished\":\"2022-06-12T15:32:29+00:00\",\"breadcrumb\":{\"@id\":\"https:\/\/aktek.md\/product\/a117-spuma-curatare-anvelope-si-jante-finisaj-stralucitor\/#breadcrumb\"},\"inLanguage\":\"ru-RU\",\"potentialAction\":[{\"@type\":\"ReadAction\",\"target\":[\"https:\/\/aktek.md\/product\/a117-spuma-curatare-anvelope-si-jante-finisaj-stralucitor\/\"]}]},{\"@type\":\"ImageObject\",\"inLanguage\":\"ru-RU\",\"@id\":\"https:\/\/aktek.md\/product\/a117-spuma-curatare-anvelope-si-jante-finisaj-stralucitor\/#primaryimage\",\"url\":\"https:\/\/aktek.md\/wp-content\/uploads\/2022\/06\/A117-ace.png\",\"contentUrl\":\"https:\/\/aktek.md\/wp-content\/uploads\/2022\/06\/A117-ace.png\",\"width\":151,\"height\":600,\"caption\":\"A117 SPUM\u0102 CUR\u0102\u0162ARE ANVELOPE \u015eI JANTE \u2013 FINISAJ STR\u0102LUCITOR\"},{\"@type\":\"BreadcrumbList\",\"@id\":\"https:\/\/aktek.md\/product\/a117-spuma-curatare-anvelope-si-jante-finisaj-stralucitor\/#breadcrumb\",\"itemListElement\":[{\"@type\":\"ListItem\",\"position\":1,\"name\":\"Prima pagin\u0103\",\"item\":\"https:\/\/aktek.md\/\"},{\"@type\":\"ListItem\",\"position\":2,\"name\":\"Magazin\",\"item\":\"https:\/\/aktek.md\/magazin\/\"},{\"@type\":\"ListItem\",\"position\":3,\"name\":\"A117 SPUM\u0102 CUR\u0102\u0162ARE ANVELOPE \u015eI JANTE \u2013 FINISAJ STR\u0102LUCITOR\"}]},{\"@type\":\"WebSite\",\"@id\":\"https:\/\/aktek.md\/#website\",\"url\":\"https:\/\/aktek.md\/\",\"name\":\"Aktek Impex SRL\",\"description\":\"Aktek Impex SRL\",\"publisher\":{\"@id\":\"https:\/\/aktek.md\/#organization\"},\"alternateName\":\"Aktek Impex SRL\",\"potentialAction\":[{\"@type\":\"SearchAction\",\"target\":{\"@type\":\"EntryPoint\",\"urlTemplate\":\"https:\/\/aktek.md\/?s={search_term_string}\"},\"query-input\":{\"@type\":\"PropertyValueSpecification\",\"valueRequired\":true,\"valueName\":\"search_term_string\"}}],\"inLanguage\":\"ru-RU\"},{\"@type\":\"Organization\",\"@id\":\"https:\/\/aktek.md\/#organization\",\"name\":\"Aktek Impex SRL\",\"url\":\"https:\/\/aktek.md\/\",\"logo\":{\"@type\":\"ImageObject\",\"inLanguage\":\"ru-RU\",\"@id\":\"https:\/\/aktek.md\/#\/schema\/logo\/image\/\",\"url\":\"https:\/\/aktek.md\/wp-content\/uploads\/2023\/11\/akteklogo.png\",\"contentUrl\":\"https:\/\/aktek.md\/wp-content\/uploads\/2023\/11\/akteklogo.png\",\"width\":120,\"height\":50,\"caption\":\"Aktek Impex SRL\"},\"image\":{\"@id\":\"https:\/\/aktek.md\/#\/schema\/logo\/image\/\"},\"sameAs\":[\"https:\/\/www.facebook.com\/\",\"https:\/\/www.instagram.com\/\"]}]}<\/script>\n<!-- \/ Yoast SEO Premium plugin. -->","yoast_head_json":{"title":"A117 SPUM\u0102 CUR\u0102\u0162ARE ANVELOPE \u015eI JANTE \u2013 FINISAJ STR\u0102LUCITOR - Aktek Impex SRL","robots":{"index":"index","follow":"follow","max-snippet":"max-snippet:-1","max-image-preview":"max-image-preview:large","max-video-preview":"max-video-preview:-1"},"canonical":"https:\/\/aktek.md\/ru\/product\/a117-spuma-curatare-anvelope-si-jante-finisaj-stralucitor\/","og_locale":"ru_RU","og_type":"article","og_title":"A117 SPUM\u0102 CUR\u0102\u0162ARE ANVELOPE \u015eI JANTE \u2013 FINISAJ STR\u0102LUCITOR","og_description":"Caracteristici U\u015for de folosit. Nu con\u0163ine solven\u0163i inflamabili. Formula nu are pH acidic. Spuma cu ac\u0163iune automat\u0103 \u00eendep\u0103rteaz\u0103 reziduurile \u015fi murd\u0103rie. Face ca anvelopele s\u0103 arate ca noi. Cura\u0163a si ingrijeste. Domenii De Aplicare Potrivit pentru toate tipurile de anvelope \u015fi de vehicule &#8211; cum ar fi biciclete, motociclete, automobile, microbuze, autobuze, camioane, camionete etc.","og_url":"https:\/\/aktek.md\/ru\/product\/a117-spuma-curatare-anvelope-si-jante-finisaj-stralucitor\/","og_site_name":"Aktek Impex SRL","article_publisher":"https:\/\/www.facebook.com\/","og_image":[{"width":151,"height":600,"url":"https:\/\/aktek.md\/wp-content\/uploads\/2022\/06\/A117-ace.png","type":"image\/png"}],"twitter_card":"summary_large_image","schema":{"@context":"https:\/\/schema.org","@graph":[{"@type":"WebPage","@id":"https:\/\/aktek.md\/product\/a117-spuma-curatare-anvelope-si-jante-finisaj-stralucitor\/","url":"https:\/\/aktek.md\/product\/a117-spuma-curatare-anvelope-si-jante-finisaj-stralucitor\/","name":"A117 SPUM\u0102 CUR\u0102\u0162ARE ANVELOPE \u015eI JANTE \u2013 FINISAJ STR\u0102LUCITOR - Aktek Impex SRL","isPartOf":{"@id":"https:\/\/aktek.md\/#website"},"primaryImageOfPage":{"@id":"https:\/\/aktek.md\/product\/a117-spuma-curatare-anvelope-si-jante-finisaj-stralucitor\/#primaryimage"},"image":{"@id":"https:\/\/aktek.md\/product\/a117-spuma-curatare-anvelope-si-jante-finisaj-stralucitor\/#primaryimage"},"thumbnailUrl":"https:\/\/aktek.md\/wp-content\/uploads\/2022\/06\/A117-ace.png","datePublished":"2022-06-12T15:32:29+00:00","breadcrumb":{"@id":"https:\/\/aktek.md\/product\/a117-spuma-curatare-anvelope-si-jante-finisaj-stralucitor\/#breadcrumb"},"inLanguage":"ru-RU","potentialAction":[{"@type":"ReadAction","target":["https:\/\/aktek.md\/product\/a117-spuma-curatare-anvelope-si-jante-finisaj-stralucitor\/"]}]},{"@type":"ImageObject","inLanguage":"ru-RU","@id":"https:\/\/aktek.md\/product\/a117-spuma-curatare-anvelope-si-jante-finisaj-stralucitor\/#primaryimage","url":"https:\/\/aktek.md\/wp-content\/uploads\/2022\/06\/A117-ace.png","contentUrl":"https:\/\/aktek.md\/wp-content\/uploads\/2022\/06\/A117-ace.png","width":151,"height":600,"caption":"A117 SPUM\u0102 CUR\u0102\u0162ARE ANVELOPE \u015eI JANTE \u2013 FINISAJ STR\u0102LUCITOR"},{"@type":"BreadcrumbList","@id":"https:\/\/aktek.md\/product\/a117-spuma-curatare-anvelope-si-jante-finisaj-stralucitor\/#breadcrumb","itemListElement":[{"@type":"ListItem","position":1,"name":"Prima pagin\u0103","item":"https:\/\/aktek.md\/"},{"@type":"ListItem","position":2,"name":"Magazin","item":"https:\/\/aktek.md\/magazin\/"},{"@type":"ListItem","position":3,"name":"A117 SPUM\u0102 CUR\u0102\u0162ARE ANVELOPE \u015eI JANTE \u2013 FINISAJ STR\u0102LUCITOR"}]},{"@type":"WebSite","@id":"https:\/\/aktek.md\/#website","url":"https:\/\/aktek.md\/","name":"Aktek Impex SRL","description":"Aktek Impex SRL","publisher":{"@id":"https:\/\/aktek.md\/#organization"},"alternateName":"Aktek Impex SRL","potentialAction":[{"@type":"SearchAction","target":{"@type":"EntryPoint","urlTemplate":"https:\/\/aktek.md\/?s={search_term_string}"},"query-input":{"@type":"PropertyValueSpecification","valueRequired":true,"valueName":"search_term_string"}}],"inLanguage":"ru-RU"},{"@type":"Organization","@id":"https:\/\/aktek.md\/#organization","name":"Aktek Impex SRL","url":"https:\/\/aktek.md\/","logo":{"@type":"ImageObject","inLanguage":"ru-RU","@id":"https:\/\/aktek.md\/#\/schema\/logo\/image\/","url":"https:\/\/aktek.md\/wp-content\/uploads\/2023\/11\/akteklogo.png","contentUrl":"https:\/\/aktek.md\/wp-content\/uploads\/2023\/11\/akteklogo.png","width":120,"height":50,"caption":"Aktek Impex SRL"},"image":{"@id":"https:\/\/aktek.md\/#\/schema\/logo\/image\/"},"sameAs":["https:\/\/www.facebook.com\/","https:\/\/www.instagram.com\/"]}]}},"_links":{"self":[{"href":"https:\/\/aktek.md\/ru\/wp-json\/wp\/v2\/product\/25425","targetHints":{"allow":["GET"]}}],"collection":[{"href":"https:\/\/aktek.md\/ru\/wp-json\/wp\/v2\/product"}],"about":[{"href":"https:\/\/aktek.md\/ru\/wp-json\/wp\/v2\/types\/product"}],"replies":[{"embeddable":true,"href":"https:\/\/aktek.md\/ru\/wp-json\/wp\/v2\/comments?post=25425"}],"wp:featuredmedia":[{"embeddable":true,"href":"https:\/\/aktek.md\/ru\/wp-json\/wp\/v2\/media\/25424"}],"wp:attachment":[{"href":"https:\/\/aktek.md\/ru\/wp-json\/wp\/v2\/media?parent=25425"}],"wp:term":[{"taxonomy":"product_brand","embeddable":true,"href":"https:\/\/aktek.md\/ru\/wp-json\/wp\/v2\/product_brand?post=25425"},{"taxonomy":"product_cat","embeddable":true,"href":"https:\/\/aktek.md\/ru\/wp-json\/wp\/v2\/product_cat?post=25425"},{"taxonomy":"product_tag","embeddable":true,"href":"https:\/\/aktek.md\/ru\/wp-json\/wp\/v2\/product_tag?post=25425"}],"curies":[{"name":"wp","href":"https:\/\/api.w.org\/{rel}","templated":true}]}}