{"id":25429,"date":"2022-06-12T18:48:41","date_gmt":"2022-06-12T15:48:41","guid":{"rendered":"https:\/\/textil.md\/akteknou\/product\/a60-agent-curatare-contacte-electrice\/"},"modified":"2022-06-12T18:48:41","modified_gmt":"2022-06-12T15:48:41","slug":"a60-agent-curatare-contacte-electrice","status":"publish","type":"product","link":"https:\/\/aktek.md\/ru\/product\/a60-agent-curatare-contacte-electrice\/","title":{"rendered":"A60 AGENT CUR\u0102\u0162ARE CONTACTE ELECTRICE"},"content":{"rendered":"<div id=\"properties\" style=\"letter-spacing: 1px; outline: 0px; margin: 40px 0px 0px; padding: 0px; border: 0px; font-size: 14px; vertical-align: baseline; background-image: initial; background-position: initial; background-size: initial; background-repeat: initial; background-attachment: initial; background-origin: initial; background-clip: initial; color: rgb(79, 79, 79); font-family: GothamBook; line-height: 28px;\">\n<h5 class=\"card-title text-danger mt-4\" style=\"outline: 0px; margin-right: 0px; margin-bottom: 0.75rem; margin-left: 0px; padding: 0px; border: 0px; font-size: 1.25rem; vertical-align: baseline; background: transparent; line-height: 1.2; margin-top: 1.5rem !important; color: rgb(220, 53, 69) !important;\">Caracteristici<\/h5>\n<p>Ac\u0163iune rapid\u0103 de cur\u0103\u0163are; \u00eendep\u0103rteaz\u0103 reziduurile de flux, substan\u0163e uleioase, amprentele digitale \u015fi a alte tipuri de contaminan\u0163i. Aplicarea periodic\u0103 contribuie la o durat\u0103 mai mmare de func\u0163ionare a componentelor. Substan\u0163\u0103 neconductoare de curent \u015fi necoroziv\u0103. Se evapor\u0103 complet, l\u0103s\u00e2nd un strat de protec\u0163ie foarte sub\u0163ire. Pentru toate suprafe\u0163ele metalice, cele mai multe tipuri de cauciuc, materiale plastice \u015fi materiale de acoperire. Se recomand\u0103 s\u0103 fie testat \u00eenainte de utilizare pe materiale sensibile din material plastic, pe cele lipite cu adeziv sau pe cele asupra c\u0103rora se exercit\u0103 presiune \u015fi for\u0163e care le-ar putea compromite rezisten\u0163a structural\u0103. Nu este dificil de utilizat \u015fi \u00een pozi\u0163ie r\u0103sturnat\u0103 (raza de ac\u0163iune este de 360\u00b0).<\/p><\/div>\n<p><a id=\"uygulama-alanlari\" style=\"letter-spacing: 1px; margin: 0px; padding: 0px; font-size: 16px; vertical-align: baseline; background: rgb(255, 255, 255); color: rgb(79, 79, 79); font-family: GothamBook; outline: none !important;\"><\/a><span style=\"color: rgb(79, 79, 79); font-family: GothamBook; font-size: 16px; letter-spacing: 1px;\"><\/span><\/p>\n<div id=\"application-area\" style=\"letter-spacing: 1px; outline: 0px; margin: 40px 0px 0px; padding: 0px; border: 0px; font-size: 14px; vertical-align: baseline; background-image: initial; background-position: initial; background-size: initial; background-repeat: initial; background-attachment: initial; background-origin: initial; background-clip: initial; color: rgb(79, 79, 79); font-family: GothamBook; line-height: 28px;\">\n<h5 class=\"card-title text-danger mt-4\" style=\"outline: 0px; margin-right: 0px; margin-bottom: 0.75rem; margin-left: 0px; padding: 0px; border: 0px; font-size: 1.25rem; vertical-align: baseline; background: transparent; line-height: 1.2; margin-top: 1.5rem !important; color: rgb(220, 53, 69) !important;\">Domenii De Aplicare<\/h5>\n<p>Calculatoare. Echipamente digitale. Sisteme de aprindere electronic\u0103. Sisteme de navigare. Aparatur\u0103 electronic\u0103. Circuite imprimate. Radare. Radio. Comutatoare \u015fi relee. \u00centrerup\u0103toare de circuit. Sisteme de alarm\u0103. Terminale. Mufe \u015fi prize.<\/p><\/div>","protected":false},"excerpt":{"rendered":"<p>Caracteristici Ac\u0163iune rapid\u0103 de cur\u0103\u0163are; \u00eendep\u0103rteaz\u0103 reziduurile de flux, substan\u0163e uleioase, amprentele digitale \u015fi a alte tipuri de contaminan\u0163i. Aplicarea periodic\u0103 contribuie la o durat\u0103 mai mmare de func\u0163ionare a componentelor. Substan\u0163\u0103 neconductoare de curent \u015fi necoroziv\u0103. Se evapor\u0103 complet, l\u0103s\u00e2nd un strat de protec\u0163ie foarte sub\u0163ire. Pentru toate suprafe\u0163ele metalice, cele mai multe tipuri [&hellip;]<\/p>","protected":false},"featured_media":25428,"comment_status":"open","ping_status":"closed","template":"","meta":[],"product_brand":[],"product_cat":[316],"product_tag":[],"class_list":{"0":"post-25429","1":"product","2":"type-product","3":"status-publish","4":"has-post-thumbnail","6":"product_cat-aerosoli","8":"first","9":"instock","10":"shipping-taxable","11":"purchasable","12":"product-type-simple","13":"add-to-wishlist-after_add_to_cart"},"yoast_head":"<!-- This site is optimized with the Yoast SEO Premium plugin v21.5 (Yoast SEO v27.1.1) - https:\/\/yoast.com\/product\/yoast-seo-premium-wordpress\/ -->\n<title>A60 AGENT CUR\u0102\u0162ARE CONTACTE ELECTRICE - Aktek Impex SRL<\/title>\n<meta name=\"robots\" content=\"index, follow, max-snippet:-1, max-image-preview:large, max-video-preview:-1\" \/>\n<link rel=\"canonical\" href=\"https:\/\/aktek.md\/ru\/product\/a60-agent-curatare-contacte-electrice\/\" \/>\n<meta property=\"og:locale\" content=\"ru_RU\" \/>\n<meta property=\"og:type\" content=\"article\" \/>\n<meta property=\"og:title\" content=\"A60 AGENT CUR\u0102\u0162ARE CONTACTE ELECTRICE\" \/>\n<meta property=\"og:description\" content=\"Caracteristici Ac\u0163iune rapid\u0103 de cur\u0103\u0163are; \u00eendep\u0103rteaz\u0103 reziduurile de flux, substan\u0163e uleioase, amprentele digitale \u015fi a alte tipuri de contaminan\u0163i. Aplicarea periodic\u0103 contribuie la o durat\u0103 mai mmare de func\u0163ionare a componentelor. Substan\u0163\u0103 neconductoare de curent \u015fi necoroziv\u0103. Se evapor\u0103 complet, l\u0103s\u00e2nd un strat de protec\u0163ie foarte sub\u0163ire. Pentru toate suprafe\u0163ele metalice, cele mai multe tipuri [&hellip;]\" \/>\n<meta property=\"og:url\" content=\"https:\/\/aktek.md\/ru\/product\/a60-agent-curatare-contacte-electrice\/\" \/>\n<meta property=\"og:site_name\" content=\"Aktek Impex SRL\" \/>\n<meta property=\"article:publisher\" content=\"https:\/\/www.facebook.com\/\" \/>\n<meta property=\"og:image\" content=\"https:\/\/aktek.md\/wp-content\/uploads\/2022\/06\/E60-a2f.jpg\" \/>\n\t<meta property=\"og:image:width\" content=\"900\" \/>\n\t<meta property=\"og:image:height\" content=\"900\" \/>\n\t<meta property=\"og:image:type\" content=\"image\/jpeg\" \/>\n<meta name=\"twitter:card\" content=\"summary_large_image\" \/>\n<meta name=\"twitter:label1\" content=\"\u041f\u0440\u0438\u043c\u0435\u0440\u043d\u043e\u0435 \u0432\u0440\u0435\u043c\u044f \u0434\u043b\u044f \u0447\u0442\u0435\u043d\u0438\u044f\" \/>\n\t<meta name=\"twitter:data1\" content=\"1 \u043c\u0438\u043d\u0443\u0442\u0430\" \/>\n<script type=\"application\/ld+json\" class=\"yoast-schema-graph\">{\"@context\":\"https:\/\/schema.org\",\"@graph\":[{\"@type\":\"WebPage\",\"@id\":\"https:\/\/aktek.md\/product\/a60-agent-curatare-contacte-electrice\/\",\"url\":\"https:\/\/aktek.md\/product\/a60-agent-curatare-contacte-electrice\/\",\"name\":\"A60 AGENT CUR\u0102\u0162ARE CONTACTE ELECTRICE - Aktek Impex SRL\",\"isPartOf\":{\"@id\":\"https:\/\/aktek.md\/#website\"},\"primaryImageOfPage\":{\"@id\":\"https:\/\/aktek.md\/product\/a60-agent-curatare-contacte-electrice\/#primaryimage\"},\"image\":{\"@id\":\"https:\/\/aktek.md\/product\/a60-agent-curatare-contacte-electrice\/#primaryimage\"},\"thumbnailUrl\":\"https:\/\/aktek.md\/wp-content\/uploads\/2022\/06\/E60-a2f.jpg\",\"datePublished\":\"2022-06-12T15:48:41+00:00\",\"breadcrumb\":{\"@id\":\"https:\/\/aktek.md\/product\/a60-agent-curatare-contacte-electrice\/#breadcrumb\"},\"inLanguage\":\"ru-RU\",\"potentialAction\":[{\"@type\":\"ReadAction\",\"target\":[\"https:\/\/aktek.md\/product\/a60-agent-curatare-contacte-electrice\/\"]}]},{\"@type\":\"ImageObject\",\"inLanguage\":\"ru-RU\",\"@id\":\"https:\/\/aktek.md\/product\/a60-agent-curatare-contacte-electrice\/#primaryimage\",\"url\":\"https:\/\/aktek.md\/wp-content\/uploads\/2022\/06\/E60-a2f.jpg\",\"contentUrl\":\"https:\/\/aktek.md\/wp-content\/uploads\/2022\/06\/E60-a2f.jpg\",\"width\":900,\"height\":900,\"caption\":\"A60 AGENT CUR\u0102\u0162ARE CONTACTE ELECTRICE\"},{\"@type\":\"BreadcrumbList\",\"@id\":\"https:\/\/aktek.md\/product\/a60-agent-curatare-contacte-electrice\/#breadcrumb\",\"itemListElement\":[{\"@type\":\"ListItem\",\"position\":1,\"name\":\"Prima pagin\u0103\",\"item\":\"https:\/\/aktek.md\/\"},{\"@type\":\"ListItem\",\"position\":2,\"name\":\"Magazin\",\"item\":\"https:\/\/aktek.md\/magazin\/\"},{\"@type\":\"ListItem\",\"position\":3,\"name\":\"A60 AGENT CUR\u0102\u0162ARE CONTACTE ELECTRICE\"}]},{\"@type\":\"WebSite\",\"@id\":\"https:\/\/aktek.md\/#website\",\"url\":\"https:\/\/aktek.md\/\",\"name\":\"Aktek Impex SRL\",\"description\":\"Aktek Impex SRL\",\"publisher\":{\"@id\":\"https:\/\/aktek.md\/#organization\"},\"alternateName\":\"Aktek Impex SRL\",\"potentialAction\":[{\"@type\":\"SearchAction\",\"target\":{\"@type\":\"EntryPoint\",\"urlTemplate\":\"https:\/\/aktek.md\/?s={search_term_string}\"},\"query-input\":{\"@type\":\"PropertyValueSpecification\",\"valueRequired\":true,\"valueName\":\"search_term_string\"}}],\"inLanguage\":\"ru-RU\"},{\"@type\":\"Organization\",\"@id\":\"https:\/\/aktek.md\/#organization\",\"name\":\"Aktek Impex SRL\",\"url\":\"https:\/\/aktek.md\/\",\"logo\":{\"@type\":\"ImageObject\",\"inLanguage\":\"ru-RU\",\"@id\":\"https:\/\/aktek.md\/#\/schema\/logo\/image\/\",\"url\":\"https:\/\/aktek.md\/wp-content\/uploads\/2023\/11\/akteklogo.png\",\"contentUrl\":\"https:\/\/aktek.md\/wp-content\/uploads\/2023\/11\/akteklogo.png\",\"width\":120,\"height\":50,\"caption\":\"Aktek Impex SRL\"},\"image\":{\"@id\":\"https:\/\/aktek.md\/#\/schema\/logo\/image\/\"},\"sameAs\":[\"https:\/\/www.facebook.com\/\",\"https:\/\/www.instagram.com\/\"]}]}<\/script>\n<!-- \/ Yoast SEO Premium plugin. -->","yoast_head_json":{"title":"A60 AGENT CUR\u0102\u0162ARE CONTACTE ELECTRICE - Aktek Impex SRL","robots":{"index":"index","follow":"follow","max-snippet":"max-snippet:-1","max-image-preview":"max-image-preview:large","max-video-preview":"max-video-preview:-1"},"canonical":"https:\/\/aktek.md\/ru\/product\/a60-agent-curatare-contacte-electrice\/","og_locale":"ru_RU","og_type":"article","og_title":"A60 AGENT CUR\u0102\u0162ARE CONTACTE ELECTRICE","og_description":"Caracteristici Ac\u0163iune rapid\u0103 de cur\u0103\u0163are; \u00eendep\u0103rteaz\u0103 reziduurile de flux, substan\u0163e uleioase, amprentele digitale \u015fi a alte tipuri de contaminan\u0163i. Aplicarea periodic\u0103 contribuie la o durat\u0103 mai mmare de func\u0163ionare a componentelor. Substan\u0163\u0103 neconductoare de curent \u015fi necoroziv\u0103. Se evapor\u0103 complet, l\u0103s\u00e2nd un strat de protec\u0163ie foarte sub\u0163ire. Pentru toate suprafe\u0163ele metalice, cele mai multe tipuri [&hellip;]","og_url":"https:\/\/aktek.md\/ru\/product\/a60-agent-curatare-contacte-electrice\/","og_site_name":"Aktek Impex SRL","article_publisher":"https:\/\/www.facebook.com\/","og_image":[{"width":900,"height":900,"url":"https:\/\/aktek.md\/wp-content\/uploads\/2022\/06\/E60-a2f.jpg","type":"image\/jpeg"}],"twitter_card":"summary_large_image","twitter_misc":{"\u041f\u0440\u0438\u043c\u0435\u0440\u043d\u043e\u0435 \u0432\u0440\u0435\u043c\u044f \u0434\u043b\u044f \u0447\u0442\u0435\u043d\u0438\u044f":"1 \u043c\u0438\u043d\u0443\u0442\u0430"},"schema":{"@context":"https:\/\/schema.org","@graph":[{"@type":"WebPage","@id":"https:\/\/aktek.md\/product\/a60-agent-curatare-contacte-electrice\/","url":"https:\/\/aktek.md\/product\/a60-agent-curatare-contacte-electrice\/","name":"A60 AGENT CUR\u0102\u0162ARE CONTACTE ELECTRICE - Aktek Impex SRL","isPartOf":{"@id":"https:\/\/aktek.md\/#website"},"primaryImageOfPage":{"@id":"https:\/\/aktek.md\/product\/a60-agent-curatare-contacte-electrice\/#primaryimage"},"image":{"@id":"https:\/\/aktek.md\/product\/a60-agent-curatare-contacte-electrice\/#primaryimage"},"thumbnailUrl":"https:\/\/aktek.md\/wp-content\/uploads\/2022\/06\/E60-a2f.jpg","datePublished":"2022-06-12T15:48:41+00:00","breadcrumb":{"@id":"https:\/\/aktek.md\/product\/a60-agent-curatare-contacte-electrice\/#breadcrumb"},"inLanguage":"ru-RU","potentialAction":[{"@type":"ReadAction","target":["https:\/\/aktek.md\/product\/a60-agent-curatare-contacte-electrice\/"]}]},{"@type":"ImageObject","inLanguage":"ru-RU","@id":"https:\/\/aktek.md\/product\/a60-agent-curatare-contacte-electrice\/#primaryimage","url":"https:\/\/aktek.md\/wp-content\/uploads\/2022\/06\/E60-a2f.jpg","contentUrl":"https:\/\/aktek.md\/wp-content\/uploads\/2022\/06\/E60-a2f.jpg","width":900,"height":900,"caption":"A60 AGENT CUR\u0102\u0162ARE CONTACTE ELECTRICE"},{"@type":"BreadcrumbList","@id":"https:\/\/aktek.md\/product\/a60-agent-curatare-contacte-electrice\/#breadcrumb","itemListElement":[{"@type":"ListItem","position":1,"name":"Prima pagin\u0103","item":"https:\/\/aktek.md\/"},{"@type":"ListItem","position":2,"name":"Magazin","item":"https:\/\/aktek.md\/magazin\/"},{"@type":"ListItem","position":3,"name":"A60 AGENT CUR\u0102\u0162ARE CONTACTE ELECTRICE"}]},{"@type":"WebSite","@id":"https:\/\/aktek.md\/#website","url":"https:\/\/aktek.md\/","name":"Aktek Impex SRL","description":"Aktek Impex SRL","publisher":{"@id":"https:\/\/aktek.md\/#organization"},"alternateName":"Aktek Impex SRL","potentialAction":[{"@type":"SearchAction","target":{"@type":"EntryPoint","urlTemplate":"https:\/\/aktek.md\/?s={search_term_string}"},"query-input":{"@type":"PropertyValueSpecification","valueRequired":true,"valueName":"search_term_string"}}],"inLanguage":"ru-RU"},{"@type":"Organization","@id":"https:\/\/aktek.md\/#organization","name":"Aktek Impex SRL","url":"https:\/\/aktek.md\/","logo":{"@type":"ImageObject","inLanguage":"ru-RU","@id":"https:\/\/aktek.md\/#\/schema\/logo\/image\/","url":"https:\/\/aktek.md\/wp-content\/uploads\/2023\/11\/akteklogo.png","contentUrl":"https:\/\/aktek.md\/wp-content\/uploads\/2023\/11\/akteklogo.png","width":120,"height":50,"caption":"Aktek Impex SRL"},"image":{"@id":"https:\/\/aktek.md\/#\/schema\/logo\/image\/"},"sameAs":["https:\/\/www.facebook.com\/","https:\/\/www.instagram.com\/"]}]}},"_links":{"self":[{"href":"https:\/\/aktek.md\/ru\/wp-json\/wp\/v2\/product\/25429","targetHints":{"allow":["GET"]}}],"collection":[{"href":"https:\/\/aktek.md\/ru\/wp-json\/wp\/v2\/product"}],"about":[{"href":"https:\/\/aktek.md\/ru\/wp-json\/wp\/v2\/types\/product"}],"replies":[{"embeddable":true,"href":"https:\/\/aktek.md\/ru\/wp-json\/wp\/v2\/comments?post=25429"}],"wp:featuredmedia":[{"embeddable":true,"href":"https:\/\/aktek.md\/ru\/wp-json\/wp\/v2\/media\/25428"}],"wp:attachment":[{"href":"https:\/\/aktek.md\/ru\/wp-json\/wp\/v2\/media?parent=25429"}],"wp:term":[{"taxonomy":"product_brand","embeddable":true,"href":"https:\/\/aktek.md\/ru\/wp-json\/wp\/v2\/product_brand?post=25429"},{"taxonomy":"product_cat","embeddable":true,"href":"https:\/\/aktek.md\/ru\/wp-json\/wp\/v2\/product_cat?post=25429"},{"taxonomy":"product_tag","embeddable":true,"href":"https:\/\/aktek.md\/ru\/wp-json\/wp\/v2\/product_tag?post=25429"}],"curies":[{"name":"wp","href":"https:\/\/api.w.org\/{rel}","templated":true}]}}