{"id":25435,"date":"2022-06-12T19:06:52","date_gmt":"2022-06-12T16:06:52","guid":{"rendered":"https:\/\/textil.md\/akteknou\/product\/e350-adeziv-pe-baza-de-epoxid-pentru-otel-chit-cu-actionare-rapida-5-min\/"},"modified":"2022-06-12T19:06:52","modified_gmt":"2022-06-12T16:06:52","slug":"e350-adeziv-pe-baza-de-epoxid-pentru-otel-chit-cu-actionare-rapida-5-min","status":"publish","type":"product","link":"https:\/\/aktek.md\/ru\/product\/e350-adeziv-pe-baza-de-epoxid-pentru-otel-chit-cu-actionare-rapida-5-min\/","title":{"rendered":"E350 ADEZIV PE BAZ\u0102 DE EPOXID PENTRU O\u0162EL &#038; CHIT CU AC\u0162IONARE RAPID\u0102 5 min."},"content":{"rendered":"<div id=\"properties\" style=\"letter-spacing: 1px; outline: 0px; margin: 40px 0px 0px; padding: 0px; border: 0px; font-size: 14px; vertical-align: baseline; background-image: initial; background-position: initial; background-size: initial; background-repeat: initial; background-attachment: initial; background-origin: initial; background-clip: initial; color: rgb(79, 79, 79); font-family: GothamBook; line-height: 28px;\">\n<h5 class=\"card-title text-danger mt-4\" style=\"outline: 0px; margin-right: 0px; margin-bottom: 0.75rem; margin-left: 0px; padding: 0px; border: 0px; font-size: 1.25rem; vertical-align: baseline; background: transparent; line-height: 1.2; margin-top: 1.5rem !important; color: rgb(220, 53, 69) !important;\">Caracteristici<\/h5>\n<p>\u00cent\u0103rire foarte rapid\u0103. Se \u00eent\u0103re\u015fte f\u0103r\u0103 contrac\u0163ii \u015fi apari\u0163ia de fi suri. Bun\u0103 capacitatea de umplere a golurilor. Prelucrabil cu ajutorul ma\u015finilor-unelte. Rezistent la umiditate \u015fi la ac\u0163iunea diverselor substan\u0163e chimice. Poate fi vopsit \u015fi \u015flefuit.<\/p><\/div>\n<p><a id=\"uygulama-alanlari\" style=\"letter-spacing: 1px; margin: 0px; padding: 0px; font-size: 16px; vertical-align: baseline; background: rgb(255, 255, 255); color: rgb(79, 79, 79); font-family: GothamBook; outline: none !important;\"><\/a><span style=\"color: rgb(79, 79, 79); font-family: GothamBook; font-size: 16px; letter-spacing: 1px;\"><\/span><\/p>\n<div id=\"application-area\" style=\"letter-spacing: 1px; outline: 0px; margin: 40px 0px 0px; padding: 0px; border: 0px; font-size: 14px; vertical-align: baseline; background-image: initial; background-position: initial; background-size: initial; background-repeat: initial; background-attachment: initial; background-origin: initial; background-clip: initial; color: rgb(79, 79, 79); font-family: GothamBook; line-height: 28px;\">\n<h5 class=\"card-title text-danger mt-4\" style=\"outline: 0px; margin-right: 0px; margin-bottom: 0.75rem; margin-left: 0px; padding: 0px; border: 0px; font-size: 1.25rem; vertical-align: baseline; background: transparent; line-height: 1.2; margin-top: 1.5rem !important; color: rgb(220, 53, 69) !important;\">Domenii De Aplicare<\/h5>\n<p>Lipituri pentru suprafe\u0163e din: metal, beton, lemn, sticl\u0103 \u015fi ceramic\u0103. Utilizare la repararea ma\u015finilor, a diferitelor aparate \u015fi unelte, a pieselor auto, a conductelor. Potrivit la \u00een\u015furub\u0103ri \u00een metal, beton sau piatr\u0103. Izola\u0163ii electrice.<\/p><\/div>","protected":false},"excerpt":{"rendered":"<p>Caracteristici \u00cent\u0103rire foarte rapid\u0103. Se \u00eent\u0103re\u015fte f\u0103r\u0103 contrac\u0163ii \u015fi apari\u0163ia de fi suri. Bun\u0103 capacitatea de umplere a golurilor. Prelucrabil cu ajutorul ma\u015finilor-unelte. Rezistent la umiditate \u015fi la ac\u0163iunea diverselor substan\u0163e chimice. Poate fi vopsit \u015fi \u015flefuit. Domenii De Aplicare Lipituri pentru suprafe\u0163e din: metal, beton, lemn, sticl\u0103 \u015fi ceramic\u0103. Utilizare la repararea ma\u015finilor, a [&hellip;]<\/p>","protected":false},"featured_media":25434,"comment_status":"open","ping_status":"closed","template":"","meta":[],"product_brand":[],"product_cat":[312],"product_tag":[],"class_list":{"0":"post-25435","1":"product","2":"type-product","3":"status-publish","4":"has-post-thumbnail","6":"product_cat-adezivi-si-cleiuri","8":"first","9":"instock","10":"shipping-taxable","11":"purchasable","12":"product-type-simple","13":"add-to-wishlist-after_add_to_cart"},"yoast_head":"<!-- This site is optimized with the Yoast SEO Premium plugin v21.5 (Yoast SEO v27.1.1) - https:\/\/yoast.com\/product\/yoast-seo-premium-wordpress\/ -->\n<title>E350 ADEZIV PE BAZ\u0102 DE EPOXID PENTRU O\u0162EL &amp; CHIT CU AC\u0162IONARE RAPID\u0102 5 min. - Aktek Impex SRL<\/title>\n<meta name=\"robots\" content=\"index, follow, max-snippet:-1, max-image-preview:large, max-video-preview:-1\" \/>\n<link rel=\"canonical\" href=\"https:\/\/aktek.md\/ru\/product\/e350-adeziv-pe-baza-de-epoxid-pentru-otel-chit-cu-actionare-rapida-5-min\/\" \/>\n<meta property=\"og:locale\" content=\"ru_RU\" \/>\n<meta property=\"og:type\" content=\"article\" \/>\n<meta property=\"og:title\" content=\"E350 ADEZIV PE BAZ\u0102 DE EPOXID PENTRU O\u0162EL &amp; CHIT CU AC\u0162IONARE RAPID\u0102 5 min.\" \/>\n<meta property=\"og:description\" content=\"Caracteristici \u00cent\u0103rire foarte rapid\u0103. Se \u00eent\u0103re\u015fte f\u0103r\u0103 contrac\u0163ii \u015fi apari\u0163ia de fi suri. Bun\u0103 capacitatea de umplere a golurilor. Prelucrabil cu ajutorul ma\u015finilor-unelte. Rezistent la umiditate \u015fi la ac\u0163iunea diverselor substan\u0163e chimice. Poate fi vopsit \u015fi \u015flefuit. Domenii De Aplicare Lipituri pentru suprafe\u0163e din: metal, beton, lemn, sticl\u0103 \u015fi ceramic\u0103. Utilizare la repararea ma\u015finilor, a [&hellip;]\" \/>\n<meta property=\"og:url\" content=\"https:\/\/aktek.md\/ru\/product\/e350-adeziv-pe-baza-de-epoxid-pentru-otel-chit-cu-actionare-rapida-5-min\/\" \/>\n<meta property=\"og:site_name\" content=\"Aktek Impex SRL\" \/>\n<meta property=\"article:publisher\" content=\"https:\/\/www.facebook.com\/\" \/>\n<meta property=\"og:image\" content=\"https:\/\/aktek.md\/wp-content\/uploads\/2022\/06\/E350-537.jpg\" \/>\n\t<meta property=\"og:image:width\" content=\"900\" \/>\n\t<meta property=\"og:image:height\" content=\"900\" \/>\n\t<meta property=\"og:image:type\" content=\"image\/jpeg\" \/>\n<meta name=\"twitter:card\" content=\"summary_large_image\" \/>\n<script type=\"application\/ld+json\" class=\"yoast-schema-graph\">{\"@context\":\"https:\/\/schema.org\",\"@graph\":[{\"@type\":\"WebPage\",\"@id\":\"https:\/\/aktek.md\/product\/e350-adeziv-pe-baza-de-epoxid-pentru-otel-chit-cu-actionare-rapida-5-min\/\",\"url\":\"https:\/\/aktek.md\/product\/e350-adeziv-pe-baza-de-epoxid-pentru-otel-chit-cu-actionare-rapida-5-min\/\",\"name\":\"E350 ADEZIV PE BAZ\u0102 DE EPOXID PENTRU O\u0162EL & CHIT CU AC\u0162IONARE RAPID\u0102 5 min. - Aktek Impex SRL\",\"isPartOf\":{\"@id\":\"https:\/\/aktek.md\/#website\"},\"primaryImageOfPage\":{\"@id\":\"https:\/\/aktek.md\/product\/e350-adeziv-pe-baza-de-epoxid-pentru-otel-chit-cu-actionare-rapida-5-min\/#primaryimage\"},\"image\":{\"@id\":\"https:\/\/aktek.md\/product\/e350-adeziv-pe-baza-de-epoxid-pentru-otel-chit-cu-actionare-rapida-5-min\/#primaryimage\"},\"thumbnailUrl\":\"https:\/\/aktek.md\/wp-content\/uploads\/2022\/06\/E350-537.jpg\",\"datePublished\":\"2022-06-12T16:06:52+00:00\",\"breadcrumb\":{\"@id\":\"https:\/\/aktek.md\/product\/e350-adeziv-pe-baza-de-epoxid-pentru-otel-chit-cu-actionare-rapida-5-min\/#breadcrumb\"},\"inLanguage\":\"ru-RU\",\"potentialAction\":[{\"@type\":\"ReadAction\",\"target\":[\"https:\/\/aktek.md\/product\/e350-adeziv-pe-baza-de-epoxid-pentru-otel-chit-cu-actionare-rapida-5-min\/\"]}]},{\"@type\":\"ImageObject\",\"inLanguage\":\"ru-RU\",\"@id\":\"https:\/\/aktek.md\/product\/e350-adeziv-pe-baza-de-epoxid-pentru-otel-chit-cu-actionare-rapida-5-min\/#primaryimage\",\"url\":\"https:\/\/aktek.md\/wp-content\/uploads\/2022\/06\/E350-537.jpg\",\"contentUrl\":\"https:\/\/aktek.md\/wp-content\/uploads\/2022\/06\/E350-537.jpg\",\"width\":900,\"height\":900,\"caption\":\"E350 ADEZIV PE BAZ\u0102 DE EPOXID PENTRU O\u0162EL &amp; CHIT CU AC\u0162IONARE RAPID\u0102 5 min.\"},{\"@type\":\"BreadcrumbList\",\"@id\":\"https:\/\/aktek.md\/product\/e350-adeziv-pe-baza-de-epoxid-pentru-otel-chit-cu-actionare-rapida-5-min\/#breadcrumb\",\"itemListElement\":[{\"@type\":\"ListItem\",\"position\":1,\"name\":\"Prima pagin\u0103\",\"item\":\"https:\/\/aktek.md\/\"},{\"@type\":\"ListItem\",\"position\":2,\"name\":\"Magazin\",\"item\":\"https:\/\/aktek.md\/magazin\/\"},{\"@type\":\"ListItem\",\"position\":3,\"name\":\"E350 ADEZIV PE BAZ\u0102 DE EPOXID PENTRU O\u0162EL &#038; CHIT CU AC\u0162IONARE RAPID\u0102 5 min.\"}]},{\"@type\":\"WebSite\",\"@id\":\"https:\/\/aktek.md\/#website\",\"url\":\"https:\/\/aktek.md\/\",\"name\":\"Aktek Impex SRL\",\"description\":\"Aktek Impex SRL\",\"publisher\":{\"@id\":\"https:\/\/aktek.md\/#organization\"},\"alternateName\":\"Aktek Impex SRL\",\"potentialAction\":[{\"@type\":\"SearchAction\",\"target\":{\"@type\":\"EntryPoint\",\"urlTemplate\":\"https:\/\/aktek.md\/?s={search_term_string}\"},\"query-input\":{\"@type\":\"PropertyValueSpecification\",\"valueRequired\":true,\"valueName\":\"search_term_string\"}}],\"inLanguage\":\"ru-RU\"},{\"@type\":\"Organization\",\"@id\":\"https:\/\/aktek.md\/#organization\",\"name\":\"Aktek Impex SRL\",\"url\":\"https:\/\/aktek.md\/\",\"logo\":{\"@type\":\"ImageObject\",\"inLanguage\":\"ru-RU\",\"@id\":\"https:\/\/aktek.md\/#\/schema\/logo\/image\/\",\"url\":\"https:\/\/aktek.md\/wp-content\/uploads\/2023\/11\/akteklogo.png\",\"contentUrl\":\"https:\/\/aktek.md\/wp-content\/uploads\/2023\/11\/akteklogo.png\",\"width\":120,\"height\":50,\"caption\":\"Aktek Impex SRL\"},\"image\":{\"@id\":\"https:\/\/aktek.md\/#\/schema\/logo\/image\/\"},\"sameAs\":[\"https:\/\/www.facebook.com\/\",\"https:\/\/www.instagram.com\/\"]}]}<\/script>\n<!-- \/ Yoast SEO Premium plugin. -->","yoast_head_json":{"title":"E350 ADEZIV PE BAZ\u0102 DE EPOXID PENTRU O\u0162EL & CHIT CU AC\u0162IONARE RAPID\u0102 5 min. - Aktek Impex SRL","robots":{"index":"index","follow":"follow","max-snippet":"max-snippet:-1","max-image-preview":"max-image-preview:large","max-video-preview":"max-video-preview:-1"},"canonical":"https:\/\/aktek.md\/ru\/product\/e350-adeziv-pe-baza-de-epoxid-pentru-otel-chit-cu-actionare-rapida-5-min\/","og_locale":"ru_RU","og_type":"article","og_title":"E350 ADEZIV PE BAZ\u0102 DE EPOXID PENTRU O\u0162EL & CHIT CU AC\u0162IONARE RAPID\u0102 5 min.","og_description":"Caracteristici \u00cent\u0103rire foarte rapid\u0103. Se \u00eent\u0103re\u015fte f\u0103r\u0103 contrac\u0163ii \u015fi apari\u0163ia de fi suri. Bun\u0103 capacitatea de umplere a golurilor. Prelucrabil cu ajutorul ma\u015finilor-unelte. Rezistent la umiditate \u015fi la ac\u0163iunea diverselor substan\u0163e chimice. Poate fi vopsit \u015fi \u015flefuit. Domenii De Aplicare Lipituri pentru suprafe\u0163e din: metal, beton, lemn, sticl\u0103 \u015fi ceramic\u0103. Utilizare la repararea ma\u015finilor, a [&hellip;]","og_url":"https:\/\/aktek.md\/ru\/product\/e350-adeziv-pe-baza-de-epoxid-pentru-otel-chit-cu-actionare-rapida-5-min\/","og_site_name":"Aktek Impex SRL","article_publisher":"https:\/\/www.facebook.com\/","og_image":[{"width":900,"height":900,"url":"https:\/\/aktek.md\/wp-content\/uploads\/2022\/06\/E350-537.jpg","type":"image\/jpeg"}],"twitter_card":"summary_large_image","schema":{"@context":"https:\/\/schema.org","@graph":[{"@type":"WebPage","@id":"https:\/\/aktek.md\/product\/e350-adeziv-pe-baza-de-epoxid-pentru-otel-chit-cu-actionare-rapida-5-min\/","url":"https:\/\/aktek.md\/product\/e350-adeziv-pe-baza-de-epoxid-pentru-otel-chit-cu-actionare-rapida-5-min\/","name":"E350 ADEZIV PE BAZ\u0102 DE EPOXID PENTRU O\u0162EL & CHIT CU AC\u0162IONARE RAPID\u0102 5 min. - Aktek Impex SRL","isPartOf":{"@id":"https:\/\/aktek.md\/#website"},"primaryImageOfPage":{"@id":"https:\/\/aktek.md\/product\/e350-adeziv-pe-baza-de-epoxid-pentru-otel-chit-cu-actionare-rapida-5-min\/#primaryimage"},"image":{"@id":"https:\/\/aktek.md\/product\/e350-adeziv-pe-baza-de-epoxid-pentru-otel-chit-cu-actionare-rapida-5-min\/#primaryimage"},"thumbnailUrl":"https:\/\/aktek.md\/wp-content\/uploads\/2022\/06\/E350-537.jpg","datePublished":"2022-06-12T16:06:52+00:00","breadcrumb":{"@id":"https:\/\/aktek.md\/product\/e350-adeziv-pe-baza-de-epoxid-pentru-otel-chit-cu-actionare-rapida-5-min\/#breadcrumb"},"inLanguage":"ru-RU","potentialAction":[{"@type":"ReadAction","target":["https:\/\/aktek.md\/product\/e350-adeziv-pe-baza-de-epoxid-pentru-otel-chit-cu-actionare-rapida-5-min\/"]}]},{"@type":"ImageObject","inLanguage":"ru-RU","@id":"https:\/\/aktek.md\/product\/e350-adeziv-pe-baza-de-epoxid-pentru-otel-chit-cu-actionare-rapida-5-min\/#primaryimage","url":"https:\/\/aktek.md\/wp-content\/uploads\/2022\/06\/E350-537.jpg","contentUrl":"https:\/\/aktek.md\/wp-content\/uploads\/2022\/06\/E350-537.jpg","width":900,"height":900,"caption":"E350 ADEZIV PE BAZ\u0102 DE EPOXID PENTRU O\u0162EL &amp; CHIT CU AC\u0162IONARE RAPID\u0102 5 min."},{"@type":"BreadcrumbList","@id":"https:\/\/aktek.md\/product\/e350-adeziv-pe-baza-de-epoxid-pentru-otel-chit-cu-actionare-rapida-5-min\/#breadcrumb","itemListElement":[{"@type":"ListItem","position":1,"name":"Prima pagin\u0103","item":"https:\/\/aktek.md\/"},{"@type":"ListItem","position":2,"name":"Magazin","item":"https:\/\/aktek.md\/magazin\/"},{"@type":"ListItem","position":3,"name":"E350 ADEZIV PE BAZ\u0102 DE EPOXID PENTRU O\u0162EL &#038; CHIT CU AC\u0162IONARE RAPID\u0102 5 min."}]},{"@type":"WebSite","@id":"https:\/\/aktek.md\/#website","url":"https:\/\/aktek.md\/","name":"Aktek Impex SRL","description":"Aktek Impex SRL","publisher":{"@id":"https:\/\/aktek.md\/#organization"},"alternateName":"Aktek Impex SRL","potentialAction":[{"@type":"SearchAction","target":{"@type":"EntryPoint","urlTemplate":"https:\/\/aktek.md\/?s={search_term_string}"},"query-input":{"@type":"PropertyValueSpecification","valueRequired":true,"valueName":"search_term_string"}}],"inLanguage":"ru-RU"},{"@type":"Organization","@id":"https:\/\/aktek.md\/#organization","name":"Aktek Impex SRL","url":"https:\/\/aktek.md\/","logo":{"@type":"ImageObject","inLanguage":"ru-RU","@id":"https:\/\/aktek.md\/#\/schema\/logo\/image\/","url":"https:\/\/aktek.md\/wp-content\/uploads\/2023\/11\/akteklogo.png","contentUrl":"https:\/\/aktek.md\/wp-content\/uploads\/2023\/11\/akteklogo.png","width":120,"height":50,"caption":"Aktek Impex SRL"},"image":{"@id":"https:\/\/aktek.md\/#\/schema\/logo\/image\/"},"sameAs":["https:\/\/www.facebook.com\/","https:\/\/www.instagram.com\/"]}]}},"_links":{"self":[{"href":"https:\/\/aktek.md\/ru\/wp-json\/wp\/v2\/product\/25435","targetHints":{"allow":["GET"]}}],"collection":[{"href":"https:\/\/aktek.md\/ru\/wp-json\/wp\/v2\/product"}],"about":[{"href":"https:\/\/aktek.md\/ru\/wp-json\/wp\/v2\/types\/product"}],"replies":[{"embeddable":true,"href":"https:\/\/aktek.md\/ru\/wp-json\/wp\/v2\/comments?post=25435"}],"wp:featuredmedia":[{"embeddable":true,"href":"https:\/\/aktek.md\/ru\/wp-json\/wp\/v2\/media\/25434"}],"wp:attachment":[{"href":"https:\/\/aktek.md\/ru\/wp-json\/wp\/v2\/media?parent=25435"}],"wp:term":[{"taxonomy":"product_brand","embeddable":true,"href":"https:\/\/aktek.md\/ru\/wp-json\/wp\/v2\/product_brand?post=25435"},{"taxonomy":"product_cat","embeddable":true,"href":"https:\/\/aktek.md\/ru\/wp-json\/wp\/v2\/product_cat?post=25435"},{"taxonomy":"product_tag","embeddable":true,"href":"https:\/\/aktek.md\/ru\/wp-json\/wp\/v2\/product_tag?post=25435"}],"curies":[{"name":"wp","href":"https:\/\/api.w.org\/{rel}","templated":true}]}}