{"id":25788,"date":"2023-04-26T13:45:39","date_gmt":"2023-04-26T10:45:39","guid":{"rendered":"https:\/\/textil.md\/akteknou\/product\/colle-960-pu-pour-applicateur-pai-900gr\/"},"modified":"2023-04-26T13:45:39","modified_gmt":"2023-04-26T10:45:39","slug":"colle-960-pu-pour-applicateur-pai-900gr","status":"publish","type":"product","link":"https:\/\/aktek.md\/ru\/product\/colle-960-pu-pour-applicateur-pai-900gr\/","title":{"rendered":"COLLE 960 PU POUR APPLICATEUR PAI 900GR"},"content":{"rendered":"<p>Caract\u00e9ristiques<\/p>\n<p>Id\u00e9al pour le collage de panneaux thermo-isolants en polystyr\u00e8ne (XPS et EPS), offrant un haut degr\u00e9 d&#8217;adh\u00e9rence. Il durcit en deux heures s&#8217;il est fix\u00e9 avec des pinces. Plus \u00e9conomique. Pr\u00eat \u00e0 l&#8217;emploi en a\u00e9rosol. Chaque vaporisateur suffira pour coller des surfaces allant jusqu&#8217;\u00e0 14 m2 de panneaux d&#8217;isolation thermique. Expansion minimale pendant le durcissement. Apr\u00e8s la fixation, il n&#8217;y aura plus de fluctuations d&#8217;expansion ou de contraction. Un mat\u00e9riau plus l\u00e9ger par rapport au pl\u00e2tre isolant thermique. Il n&#8217;augmentera pas sensiblement le poids des \u00e9l\u00e9ments structurels du b\u00e2timent pour lesquels l&#8217;adh\u00e9sif est utilis\u00e9, en fonction de l&#8217;humidit\u00e9 et de la temp\u00e9rature. R\u00e9action au feu : classe E (selon EN 13501-1, \u00e9quivalent \u00e0 classe B2, DIN 4102). Il peut supporter de basses temp\u00e9ratures d&#8217;utilisation \u2013 y compris 0\u00b0. Il ne contient pas de gaz qui g\u00e9n\u00e8rent des a\u00e9rosols qui endommagent la couche d&#8217;ozone.<\/p>\n<p>Domaines d&#8217;application<\/p>\n<p>Id\u00e9al pour installer des panneaux d&#8217;isolation thermique et combler les trous et les fissures rencontr\u00e9s lors de l&#8217;application de l&#8217;adh\u00e9sif. Il est \u00e9galement recommand\u00e9 pour les mat\u00e9riaux de construction en bois destin\u00e9s \u00e0 \u00eatre coll\u00e9s sur des surfaces en b\u00e9ton, en m\u00e9tal, etc. Id\u00e9al pour les applications o\u00f9 la dilatation thermique doit \u00eatre minimale. Pour le montage et l&#8217;isolation des cadres de fen\u00eatres et de portes.<\/p>","protected":false},"excerpt":{"rendered":"<p>Caract\u00e9ristiques Id\u00e9al pour le collage de panneaux thermo-isolants en polystyr\u00e8ne (XPS et EPS), offrant un haut degr\u00e9 d&#8217;adh\u00e9rence. Il durcit en deux heures s&#8217;il est fix\u00e9 avec des pinces. Plus \u00e9conomique. Pr\u00eat \u00e0 l&#8217;emploi en a\u00e9rosol. Chaque vaporisateur suffira pour coller des surfaces allant jusqu&#8217;\u00e0 14 m2 de panneaux d&#8217;isolation thermique. Expansion minimale pendant le [&hellip;]<\/p>","protected":false},"featured_media":25787,"comment_status":"open","ping_status":"closed","template":"","meta":[],"product_brand":[],"product_cat":[314],"product_tag":[],"class_list":{"0":"post-25788","1":"product","2":"type-product","3":"status-publish","4":"has-post-thumbnail","6":"product_cat-pu-spume","8":"first","9":"instock","10":"shipping-taxable","11":"purchasable","12":"product-type-simple","13":"add-to-wishlist-after_add_to_cart"},"yoast_head":"<!-- This site is optimized with the Yoast SEO Premium plugin v21.5 (Yoast SEO v27.1.1) - https:\/\/yoast.com\/product\/yoast-seo-premium-wordpress\/ -->\n<title>COLLE 960 PU POUR APPLICATEUR PAI 900GR - Aktek Impex SRL<\/title>\n<meta name=\"robots\" content=\"index, follow, max-snippet:-1, max-image-preview:large, max-video-preview:-1\" \/>\n<link rel=\"canonical\" href=\"https:\/\/aktek.md\/ru\/product\/colle-960-pu-pour-applicateur-pai-900gr\/\" \/>\n<meta property=\"og:locale\" content=\"ru_RU\" \/>\n<meta property=\"og:type\" content=\"article\" \/>\n<meta property=\"og:title\" content=\"COLLE 960 PU POUR APPLICATEUR PAI 900GR\" \/>\n<meta property=\"og:description\" content=\"Caract\u00e9ristiques Id\u00e9al pour le collage de panneaux thermo-isolants en polystyr\u00e8ne (XPS et EPS), offrant un haut degr\u00e9 d&#8217;adh\u00e9rence. Il durcit en deux heures s&#8217;il est fix\u00e9 avec des pinces. Plus \u00e9conomique. Pr\u00eat \u00e0 l&#8217;emploi en a\u00e9rosol. Chaque vaporisateur suffira pour coller des surfaces allant jusqu&#8217;\u00e0 14 m2 de panneaux d&#8217;isolation thermique. Expansion minimale pendant le [&hellip;]\" \/>\n<meta property=\"og:url\" content=\"https:\/\/aktek.md\/ru\/product\/colle-960-pu-pour-applicateur-pai-900gr\/\" \/>\n<meta property=\"og:site_name\" content=\"Aktek Impex SRL\" \/>\n<meta property=\"article:publisher\" content=\"https:\/\/www.facebook.com\/\" \/>\n<meta property=\"og:image\" content=\"https:\/\/aktek.md\/wp-content\/uploads\/2023\/04\/960new-d58-scaled.jpg\" \/>\n\t<meta property=\"og:image:width\" content=\"704\" \/>\n\t<meta property=\"og:image:height\" content=\"2560\" \/>\n\t<meta property=\"og:image:type\" content=\"image\/jpeg\" \/>\n<meta name=\"twitter:card\" content=\"summary_large_image\" \/>\n<meta name=\"twitter:label1\" content=\"\u041f\u0440\u0438\u043c\u0435\u0440\u043d\u043e\u0435 \u0432\u0440\u0435\u043c\u044f \u0434\u043b\u044f \u0447\u0442\u0435\u043d\u0438\u044f\" \/>\n\t<meta name=\"twitter:data1\" content=\"1 \u043c\u0438\u043d\u0443\u0442\u0430\" \/>\n<script type=\"application\/ld+json\" class=\"yoast-schema-graph\">{\"@context\":\"https:\/\/schema.org\",\"@graph\":[{\"@type\":\"WebPage\",\"@id\":\"https:\/\/aktek.md\/product\/colle-960-pu-pour-applicateur-pai-900gr\/\",\"url\":\"https:\/\/aktek.md\/product\/colle-960-pu-pour-applicateur-pai-900gr\/\",\"name\":\"COLLE 960 PU POUR APPLICATEUR PAI 900GR - Aktek Impex SRL\",\"isPartOf\":{\"@id\":\"https:\/\/aktek.md\/#website\"},\"primaryImageOfPage\":{\"@id\":\"https:\/\/aktek.md\/product\/colle-960-pu-pour-applicateur-pai-900gr\/#primaryimage\"},\"image\":{\"@id\":\"https:\/\/aktek.md\/product\/colle-960-pu-pour-applicateur-pai-900gr\/#primaryimage\"},\"thumbnailUrl\":\"https:\/\/aktek.md\/wp-content\/uploads\/2023\/04\/960new-d58-scaled.jpg\",\"datePublished\":\"2023-04-26T10:45:39+00:00\",\"breadcrumb\":{\"@id\":\"https:\/\/aktek.md\/product\/colle-960-pu-pour-applicateur-pai-900gr\/#breadcrumb\"},\"inLanguage\":\"ru-RU\",\"potentialAction\":[{\"@type\":\"ReadAction\",\"target\":[\"https:\/\/aktek.md\/product\/colle-960-pu-pour-applicateur-pai-900gr\/\"]}]},{\"@type\":\"ImageObject\",\"inLanguage\":\"ru-RU\",\"@id\":\"https:\/\/aktek.md\/product\/colle-960-pu-pour-applicateur-pai-900gr\/#primaryimage\",\"url\":\"https:\/\/aktek.md\/wp-content\/uploads\/2023\/04\/960new-d58-scaled.jpg\",\"contentUrl\":\"https:\/\/aktek.md\/wp-content\/uploads\/2023\/04\/960new-d58-scaled.jpg\",\"width\":704,\"height\":2560,\"caption\":\"COLLE 960 PU POUR APPLICATEUR PAI 900GR\"},{\"@type\":\"BreadcrumbList\",\"@id\":\"https:\/\/aktek.md\/product\/colle-960-pu-pour-applicateur-pai-900gr\/#breadcrumb\",\"itemListElement\":[{\"@type\":\"ListItem\",\"position\":1,\"name\":\"Prima pagin\u0103\",\"item\":\"https:\/\/aktek.md\/\"},{\"@type\":\"ListItem\",\"position\":2,\"name\":\"Magazin\",\"item\":\"https:\/\/aktek.md\/magazin\/\"},{\"@type\":\"ListItem\",\"position\":3,\"name\":\"COLLE 960 PU POUR APPLICATEUR PAI 900GR\"}]},{\"@type\":\"WebSite\",\"@id\":\"https:\/\/aktek.md\/#website\",\"url\":\"https:\/\/aktek.md\/\",\"name\":\"Aktek Impex SRL\",\"description\":\"Aktek Impex SRL\",\"publisher\":{\"@id\":\"https:\/\/aktek.md\/#organization\"},\"alternateName\":\"Aktek Impex SRL\",\"potentialAction\":[{\"@type\":\"SearchAction\",\"target\":{\"@type\":\"EntryPoint\",\"urlTemplate\":\"https:\/\/aktek.md\/?s={search_term_string}\"},\"query-input\":{\"@type\":\"PropertyValueSpecification\",\"valueRequired\":true,\"valueName\":\"search_term_string\"}}],\"inLanguage\":\"ru-RU\"},{\"@type\":\"Organization\",\"@id\":\"https:\/\/aktek.md\/#organization\",\"name\":\"Aktek Impex SRL\",\"url\":\"https:\/\/aktek.md\/\",\"logo\":{\"@type\":\"ImageObject\",\"inLanguage\":\"ru-RU\",\"@id\":\"https:\/\/aktek.md\/#\/schema\/logo\/image\/\",\"url\":\"https:\/\/aktek.md\/wp-content\/uploads\/2023\/11\/akteklogo.png\",\"contentUrl\":\"https:\/\/aktek.md\/wp-content\/uploads\/2023\/11\/akteklogo.png\",\"width\":120,\"height\":50,\"caption\":\"Aktek Impex SRL\"},\"image\":{\"@id\":\"https:\/\/aktek.md\/#\/schema\/logo\/image\/\"},\"sameAs\":[\"https:\/\/www.facebook.com\/\",\"https:\/\/www.instagram.com\/\"]}]}<\/script>\n<!-- \/ Yoast SEO Premium plugin. -->","yoast_head_json":{"title":"COLLE 960 PU POUR APPLICATEUR PAI 900GR - Aktek Impex SRL","robots":{"index":"index","follow":"follow","max-snippet":"max-snippet:-1","max-image-preview":"max-image-preview:large","max-video-preview":"max-video-preview:-1"},"canonical":"https:\/\/aktek.md\/ru\/product\/colle-960-pu-pour-applicateur-pai-900gr\/","og_locale":"ru_RU","og_type":"article","og_title":"COLLE 960 PU POUR APPLICATEUR PAI 900GR","og_description":"Caract\u00e9ristiques Id\u00e9al pour le collage de panneaux thermo-isolants en polystyr\u00e8ne (XPS et EPS), offrant un haut degr\u00e9 d&#8217;adh\u00e9rence. Il durcit en deux heures s&#8217;il est fix\u00e9 avec des pinces. Plus \u00e9conomique. Pr\u00eat \u00e0 l&#8217;emploi en a\u00e9rosol. Chaque vaporisateur suffira pour coller des surfaces allant jusqu&#8217;\u00e0 14 m2 de panneaux d&#8217;isolation thermique. Expansion minimale pendant le [&hellip;]","og_url":"https:\/\/aktek.md\/ru\/product\/colle-960-pu-pour-applicateur-pai-900gr\/","og_site_name":"Aktek Impex SRL","article_publisher":"https:\/\/www.facebook.com\/","og_image":[{"width":704,"height":2560,"url":"https:\/\/aktek.md\/wp-content\/uploads\/2023\/04\/960new-d58-scaled.jpg","type":"image\/jpeg"}],"twitter_card":"summary_large_image","twitter_misc":{"\u041f\u0440\u0438\u043c\u0435\u0440\u043d\u043e\u0435 \u0432\u0440\u0435\u043c\u044f \u0434\u043b\u044f \u0447\u0442\u0435\u043d\u0438\u044f":"1 \u043c\u0438\u043d\u0443\u0442\u0430"},"schema":{"@context":"https:\/\/schema.org","@graph":[{"@type":"WebPage","@id":"https:\/\/aktek.md\/product\/colle-960-pu-pour-applicateur-pai-900gr\/","url":"https:\/\/aktek.md\/product\/colle-960-pu-pour-applicateur-pai-900gr\/","name":"COLLE 960 PU POUR APPLICATEUR PAI 900GR - Aktek Impex SRL","isPartOf":{"@id":"https:\/\/aktek.md\/#website"},"primaryImageOfPage":{"@id":"https:\/\/aktek.md\/product\/colle-960-pu-pour-applicateur-pai-900gr\/#primaryimage"},"image":{"@id":"https:\/\/aktek.md\/product\/colle-960-pu-pour-applicateur-pai-900gr\/#primaryimage"},"thumbnailUrl":"https:\/\/aktek.md\/wp-content\/uploads\/2023\/04\/960new-d58-scaled.jpg","datePublished":"2023-04-26T10:45:39+00:00","breadcrumb":{"@id":"https:\/\/aktek.md\/product\/colle-960-pu-pour-applicateur-pai-900gr\/#breadcrumb"},"inLanguage":"ru-RU","potentialAction":[{"@type":"ReadAction","target":["https:\/\/aktek.md\/product\/colle-960-pu-pour-applicateur-pai-900gr\/"]}]},{"@type":"ImageObject","inLanguage":"ru-RU","@id":"https:\/\/aktek.md\/product\/colle-960-pu-pour-applicateur-pai-900gr\/#primaryimage","url":"https:\/\/aktek.md\/wp-content\/uploads\/2023\/04\/960new-d58-scaled.jpg","contentUrl":"https:\/\/aktek.md\/wp-content\/uploads\/2023\/04\/960new-d58-scaled.jpg","width":704,"height":2560,"caption":"COLLE 960 PU POUR APPLICATEUR PAI 900GR"},{"@type":"BreadcrumbList","@id":"https:\/\/aktek.md\/product\/colle-960-pu-pour-applicateur-pai-900gr\/#breadcrumb","itemListElement":[{"@type":"ListItem","position":1,"name":"Prima pagin\u0103","item":"https:\/\/aktek.md\/"},{"@type":"ListItem","position":2,"name":"Magazin","item":"https:\/\/aktek.md\/magazin\/"},{"@type":"ListItem","position":3,"name":"COLLE 960 PU POUR APPLICATEUR PAI 900GR"}]},{"@type":"WebSite","@id":"https:\/\/aktek.md\/#website","url":"https:\/\/aktek.md\/","name":"Aktek Impex SRL","description":"Aktek Impex SRL","publisher":{"@id":"https:\/\/aktek.md\/#organization"},"alternateName":"Aktek Impex SRL","potentialAction":[{"@type":"SearchAction","target":{"@type":"EntryPoint","urlTemplate":"https:\/\/aktek.md\/?s={search_term_string}"},"query-input":{"@type":"PropertyValueSpecification","valueRequired":true,"valueName":"search_term_string"}}],"inLanguage":"ru-RU"},{"@type":"Organization","@id":"https:\/\/aktek.md\/#organization","name":"Aktek Impex SRL","url":"https:\/\/aktek.md\/","logo":{"@type":"ImageObject","inLanguage":"ru-RU","@id":"https:\/\/aktek.md\/#\/schema\/logo\/image\/","url":"https:\/\/aktek.md\/wp-content\/uploads\/2023\/11\/akteklogo.png","contentUrl":"https:\/\/aktek.md\/wp-content\/uploads\/2023\/11\/akteklogo.png","width":120,"height":50,"caption":"Aktek Impex SRL"},"image":{"@id":"https:\/\/aktek.md\/#\/schema\/logo\/image\/"},"sameAs":["https:\/\/www.facebook.com\/","https:\/\/www.instagram.com\/"]}]}},"_links":{"self":[{"href":"https:\/\/aktek.md\/ru\/wp-json\/wp\/v2\/product\/25788","targetHints":{"allow":["GET"]}}],"collection":[{"href":"https:\/\/aktek.md\/ru\/wp-json\/wp\/v2\/product"}],"about":[{"href":"https:\/\/aktek.md\/ru\/wp-json\/wp\/v2\/types\/product"}],"replies":[{"embeddable":true,"href":"https:\/\/aktek.md\/ru\/wp-json\/wp\/v2\/comments?post=25788"}],"wp:featuredmedia":[{"embeddable":true,"href":"https:\/\/aktek.md\/ru\/wp-json\/wp\/v2\/media\/25787"}],"wp:attachment":[{"href":"https:\/\/aktek.md\/ru\/wp-json\/wp\/v2\/media?parent=25788"}],"wp:term":[{"taxonomy":"product_brand","embeddable":true,"href":"https:\/\/aktek.md\/ru\/wp-json\/wp\/v2\/product_brand?post=25788"},{"taxonomy":"product_cat","embeddable":true,"href":"https:\/\/aktek.md\/ru\/wp-json\/wp\/v2\/product_cat?post=25788"},{"taxonomy":"product_tag","embeddable":true,"href":"https:\/\/aktek.md\/ru\/wp-json\/wp\/v2\/product_tag?post=25788"}],"curies":[{"name":"wp","href":"https:\/\/api.w.org\/{rel}","templated":true}]}}