{"id":25790,"date":"2023-04-26T14:09:02","date_gmt":"2023-04-26T11:09:02","guid":{"rendered":"https:\/\/textil.md\/akteknou\/product\/807p-mousse-pu-multifonction-hiver-6c-pour-pistolet-applicateur-850gr\/"},"modified":"2023-04-26T14:09:02","modified_gmt":"2023-04-26T11:09:02","slug":"807p-mousse-pu-multifonction-hiver-6c-pour-pistolet-applicateur-850gr","status":"publish","type":"product","link":"https:\/\/aktek.md\/ru\/product\/807p-mousse-pu-multifonction-hiver-6c-pour-pistolet-applicateur-850gr\/","title":{"rendered":"807P MOUSSE PU MULTIFONCTION HIVER -6\u00b0C POUR PISTOLET APPLICATEUR 850GR"},"content":{"rendered":"<p>Caract\u00e9ristiques<\/p>\n<p>Caract\u00e9ris\u00e9 par un rendement et une stabilit\u00e9 \u00e9lev\u00e9s; il ne subit pas de changements de pression significatifs lorsqu&#8217;il est soumis \u00e0 des temp\u00e9ratures basses et glaciales. Excellente adh\u00e9rence sur la plupart des mat\u00e9riaux. Tr\u00e8s bonne capacit\u00e9 de remplissage. Excellentes propri\u00e9t\u00e9s d&#8217;isolation thermique et phonique. R\u00e9sistance \u00e0 l&#8217;humidit\u00e9, \u00e0 la chaleur et \u00e0 l&#8217;action de diverses substances chimiques.<\/p>\n<p>Domaines d&#8217;application<\/p>\n<p>Pose et isolation de ch\u00e2ssis de portes et fen\u00eatres. Remplissage et scellement des interstices, des joints et des fissures. Remplir les trous dans les murs. Am\u00e9lioration de l&#8217;isolation thermique des syst\u00e8mes de climatisation.<\/p>","protected":false},"excerpt":{"rendered":"<p>Caract\u00e9ristiques Caract\u00e9ris\u00e9 par un rendement et une stabilit\u00e9 \u00e9lev\u00e9s; il ne subit pas de changements de pression significatifs lorsqu&#8217;il est soumis \u00e0 des temp\u00e9ratures basses et glaciales. Excellente adh\u00e9rence sur la plupart des mat\u00e9riaux. Tr\u00e8s bonne capacit\u00e9 de remplissage. Excellentes propri\u00e9t\u00e9s d&#8217;isolation thermique et phonique. R\u00e9sistance \u00e0 l&#8217;humidit\u00e9, \u00e0 la chaleur et \u00e0 l&#8217;action de [&hellip;]<\/p>","protected":false},"featured_media":25789,"comment_status":"open","ping_status":"closed","template":"","meta":[],"product_brand":[],"product_cat":[314],"product_tag":[],"class_list":{"0":"post-25790","1":"product","2":"type-product","3":"status-publish","4":"has-post-thumbnail","6":"product_cat-pu-spume","8":"first","9":"instock","10":"shipping-taxable","11":"purchasable","12":"product-type-simple","13":"add-to-wishlist-after_add_to_cart"},"yoast_head":"<!-- This site is optimized with the Yoast SEO Premium plugin v21.5 (Yoast SEO v27.1.1) - https:\/\/yoast.com\/product\/yoast-seo-premium-wordpress\/ -->\n<title>807P MOUSSE PU MULTIFONCTION HIVER -6\u00b0C POUR PISTOLET APPLICATEUR 850GR - Aktek Impex SRL<\/title>\n<meta name=\"robots\" content=\"index, follow, max-snippet:-1, max-image-preview:large, max-video-preview:-1\" \/>\n<link rel=\"canonical\" href=\"https:\/\/aktek.md\/ru\/product\/807p-mousse-pu-multifonction-hiver-6c-pour-pistolet-applicateur-850gr\/\" \/>\n<meta property=\"og:locale\" content=\"ru_RU\" \/>\n<meta property=\"og:type\" content=\"article\" \/>\n<meta property=\"og:title\" content=\"807P MOUSSE PU MULTIFONCTION HIVER -6\u00b0C POUR PISTOLET APPLICATEUR 850GR\" \/>\n<meta property=\"og:description\" content=\"Caract\u00e9ristiques Caract\u00e9ris\u00e9 par un rendement et une stabilit\u00e9 \u00e9lev\u00e9s; il ne subit pas de changements de pression significatifs lorsqu&#8217;il est soumis \u00e0 des temp\u00e9ratures basses et glaciales. Excellente adh\u00e9rence sur la plupart des mat\u00e9riaux. Tr\u00e8s bonne capacit\u00e9 de remplissage. Excellentes propri\u00e9t\u00e9s d&#8217;isolation thermique et phonique. R\u00e9sistance \u00e0 l&#8217;humidit\u00e9, \u00e0 la chaleur et \u00e0 l&#8217;action de [&hellip;]\" \/>\n<meta property=\"og:url\" content=\"https:\/\/aktek.md\/ru\/product\/807p-mousse-pu-multifonction-hiver-6c-pour-pistolet-applicateur-850gr\/\" \/>\n<meta property=\"og:site_name\" content=\"Aktek Impex SRL\" \/>\n<meta property=\"article:publisher\" content=\"https:\/\/www.facebook.com\/\" \/>\n<meta property=\"og:image\" content=\"https:\/\/aktek.md\/wp-content\/uploads\/2023\/04\/807P-813.jpg\" \/>\n\t<meta property=\"og:image:width\" content=\"170\" \/>\n\t<meta property=\"og:image:height\" content=\"306\" \/>\n\t<meta property=\"og:image:type\" content=\"image\/jpeg\" \/>\n<meta name=\"twitter:card\" content=\"summary_large_image\" \/>\n<meta name=\"twitter:label1\" content=\"\u041f\u0440\u0438\u043c\u0435\u0440\u043d\u043e\u0435 \u0432\u0440\u0435\u043c\u044f \u0434\u043b\u044f \u0447\u0442\u0435\u043d\u0438\u044f\" \/>\n\t<meta name=\"twitter:data1\" content=\"1 \u043c\u0438\u043d\u0443\u0442\u0430\" \/>\n<script type=\"application\/ld+json\" class=\"yoast-schema-graph\">{\"@context\":\"https:\/\/schema.org\",\"@graph\":[{\"@type\":\"WebPage\",\"@id\":\"https:\/\/aktek.md\/product\/807p-mousse-pu-multifonction-hiver-6c-pour-pistolet-applicateur-850gr\/\",\"url\":\"https:\/\/aktek.md\/product\/807p-mousse-pu-multifonction-hiver-6c-pour-pistolet-applicateur-850gr\/\",\"name\":\"807P MOUSSE PU MULTIFONCTION HIVER -6\u00b0C POUR PISTOLET APPLICATEUR 850GR - Aktek Impex SRL\",\"isPartOf\":{\"@id\":\"https:\/\/aktek.md\/#website\"},\"primaryImageOfPage\":{\"@id\":\"https:\/\/aktek.md\/product\/807p-mousse-pu-multifonction-hiver-6c-pour-pistolet-applicateur-850gr\/#primaryimage\"},\"image\":{\"@id\":\"https:\/\/aktek.md\/product\/807p-mousse-pu-multifonction-hiver-6c-pour-pistolet-applicateur-850gr\/#primaryimage\"},\"thumbnailUrl\":\"https:\/\/aktek.md\/wp-content\/uploads\/2023\/04\/807P-813.jpg\",\"datePublished\":\"2023-04-26T11:09:02+00:00\",\"breadcrumb\":{\"@id\":\"https:\/\/aktek.md\/product\/807p-mousse-pu-multifonction-hiver-6c-pour-pistolet-applicateur-850gr\/#breadcrumb\"},\"inLanguage\":\"ru-RU\",\"potentialAction\":[{\"@type\":\"ReadAction\",\"target\":[\"https:\/\/aktek.md\/product\/807p-mousse-pu-multifonction-hiver-6c-pour-pistolet-applicateur-850gr\/\"]}]},{\"@type\":\"ImageObject\",\"inLanguage\":\"ru-RU\",\"@id\":\"https:\/\/aktek.md\/product\/807p-mousse-pu-multifonction-hiver-6c-pour-pistolet-applicateur-850gr\/#primaryimage\",\"url\":\"https:\/\/aktek.md\/wp-content\/uploads\/2023\/04\/807P-813.jpg\",\"contentUrl\":\"https:\/\/aktek.md\/wp-content\/uploads\/2023\/04\/807P-813.jpg\",\"width\":170,\"height\":306,\"caption\":\"807P MOUSSE PU MULTIFONCTION HIVER -6\u00b0C POUR PISTOLET APPLICATEUR 850GR\"},{\"@type\":\"BreadcrumbList\",\"@id\":\"https:\/\/aktek.md\/product\/807p-mousse-pu-multifonction-hiver-6c-pour-pistolet-applicateur-850gr\/#breadcrumb\",\"itemListElement\":[{\"@type\":\"ListItem\",\"position\":1,\"name\":\"Prima pagin\u0103\",\"item\":\"https:\/\/aktek.md\/\"},{\"@type\":\"ListItem\",\"position\":2,\"name\":\"Magazin\",\"item\":\"https:\/\/aktek.md\/magazin\/\"},{\"@type\":\"ListItem\",\"position\":3,\"name\":\"807P MOUSSE PU MULTIFONCTION HIVER -6\u00b0C POUR PISTOLET APPLICATEUR 850GR\"}]},{\"@type\":\"WebSite\",\"@id\":\"https:\/\/aktek.md\/#website\",\"url\":\"https:\/\/aktek.md\/\",\"name\":\"Aktek Impex SRL\",\"description\":\"Aktek Impex SRL\",\"publisher\":{\"@id\":\"https:\/\/aktek.md\/#organization\"},\"alternateName\":\"Aktek Impex SRL\",\"potentialAction\":[{\"@type\":\"SearchAction\",\"target\":{\"@type\":\"EntryPoint\",\"urlTemplate\":\"https:\/\/aktek.md\/?s={search_term_string}\"},\"query-input\":{\"@type\":\"PropertyValueSpecification\",\"valueRequired\":true,\"valueName\":\"search_term_string\"}}],\"inLanguage\":\"ru-RU\"},{\"@type\":\"Organization\",\"@id\":\"https:\/\/aktek.md\/#organization\",\"name\":\"Aktek Impex SRL\",\"url\":\"https:\/\/aktek.md\/\",\"logo\":{\"@type\":\"ImageObject\",\"inLanguage\":\"ru-RU\",\"@id\":\"https:\/\/aktek.md\/#\/schema\/logo\/image\/\",\"url\":\"https:\/\/aktek.md\/wp-content\/uploads\/2023\/11\/akteklogo.png\",\"contentUrl\":\"https:\/\/aktek.md\/wp-content\/uploads\/2023\/11\/akteklogo.png\",\"width\":120,\"height\":50,\"caption\":\"Aktek Impex SRL\"},\"image\":{\"@id\":\"https:\/\/aktek.md\/#\/schema\/logo\/image\/\"},\"sameAs\":[\"https:\/\/www.facebook.com\/\",\"https:\/\/www.instagram.com\/\"]}]}<\/script>\n<!-- \/ Yoast SEO Premium plugin. -->","yoast_head_json":{"title":"807P MOUSSE PU MULTIFONCTION HIVER -6\u00b0C POUR PISTOLET APPLICATEUR 850GR - Aktek Impex SRL","robots":{"index":"index","follow":"follow","max-snippet":"max-snippet:-1","max-image-preview":"max-image-preview:large","max-video-preview":"max-video-preview:-1"},"canonical":"https:\/\/aktek.md\/ru\/product\/807p-mousse-pu-multifonction-hiver-6c-pour-pistolet-applicateur-850gr\/","og_locale":"ru_RU","og_type":"article","og_title":"807P MOUSSE PU MULTIFONCTION HIVER -6\u00b0C POUR PISTOLET APPLICATEUR 850GR","og_description":"Caract\u00e9ristiques Caract\u00e9ris\u00e9 par un rendement et une stabilit\u00e9 \u00e9lev\u00e9s; il ne subit pas de changements de pression significatifs lorsqu&#8217;il est soumis \u00e0 des temp\u00e9ratures basses et glaciales. Excellente adh\u00e9rence sur la plupart des mat\u00e9riaux. Tr\u00e8s bonne capacit\u00e9 de remplissage. Excellentes propri\u00e9t\u00e9s d&#8217;isolation thermique et phonique. R\u00e9sistance \u00e0 l&#8217;humidit\u00e9, \u00e0 la chaleur et \u00e0 l&#8217;action de [&hellip;]","og_url":"https:\/\/aktek.md\/ru\/product\/807p-mousse-pu-multifonction-hiver-6c-pour-pistolet-applicateur-850gr\/","og_site_name":"Aktek Impex SRL","article_publisher":"https:\/\/www.facebook.com\/","og_image":[{"width":170,"height":306,"url":"https:\/\/aktek.md\/wp-content\/uploads\/2023\/04\/807P-813.jpg","type":"image\/jpeg"}],"twitter_card":"summary_large_image","twitter_misc":{"\u041f\u0440\u0438\u043c\u0435\u0440\u043d\u043e\u0435 \u0432\u0440\u0435\u043c\u044f \u0434\u043b\u044f \u0447\u0442\u0435\u043d\u0438\u044f":"1 \u043c\u0438\u043d\u0443\u0442\u0430"},"schema":{"@context":"https:\/\/schema.org","@graph":[{"@type":"WebPage","@id":"https:\/\/aktek.md\/product\/807p-mousse-pu-multifonction-hiver-6c-pour-pistolet-applicateur-850gr\/","url":"https:\/\/aktek.md\/product\/807p-mousse-pu-multifonction-hiver-6c-pour-pistolet-applicateur-850gr\/","name":"807P MOUSSE PU MULTIFONCTION HIVER -6\u00b0C POUR PISTOLET APPLICATEUR 850GR - Aktek Impex SRL","isPartOf":{"@id":"https:\/\/aktek.md\/#website"},"primaryImageOfPage":{"@id":"https:\/\/aktek.md\/product\/807p-mousse-pu-multifonction-hiver-6c-pour-pistolet-applicateur-850gr\/#primaryimage"},"image":{"@id":"https:\/\/aktek.md\/product\/807p-mousse-pu-multifonction-hiver-6c-pour-pistolet-applicateur-850gr\/#primaryimage"},"thumbnailUrl":"https:\/\/aktek.md\/wp-content\/uploads\/2023\/04\/807P-813.jpg","datePublished":"2023-04-26T11:09:02+00:00","breadcrumb":{"@id":"https:\/\/aktek.md\/product\/807p-mousse-pu-multifonction-hiver-6c-pour-pistolet-applicateur-850gr\/#breadcrumb"},"inLanguage":"ru-RU","potentialAction":[{"@type":"ReadAction","target":["https:\/\/aktek.md\/product\/807p-mousse-pu-multifonction-hiver-6c-pour-pistolet-applicateur-850gr\/"]}]},{"@type":"ImageObject","inLanguage":"ru-RU","@id":"https:\/\/aktek.md\/product\/807p-mousse-pu-multifonction-hiver-6c-pour-pistolet-applicateur-850gr\/#primaryimage","url":"https:\/\/aktek.md\/wp-content\/uploads\/2023\/04\/807P-813.jpg","contentUrl":"https:\/\/aktek.md\/wp-content\/uploads\/2023\/04\/807P-813.jpg","width":170,"height":306,"caption":"807P MOUSSE PU MULTIFONCTION HIVER -6\u00b0C POUR PISTOLET APPLICATEUR 850GR"},{"@type":"BreadcrumbList","@id":"https:\/\/aktek.md\/product\/807p-mousse-pu-multifonction-hiver-6c-pour-pistolet-applicateur-850gr\/#breadcrumb","itemListElement":[{"@type":"ListItem","position":1,"name":"Prima pagin\u0103","item":"https:\/\/aktek.md\/"},{"@type":"ListItem","position":2,"name":"Magazin","item":"https:\/\/aktek.md\/magazin\/"},{"@type":"ListItem","position":3,"name":"807P MOUSSE PU MULTIFONCTION HIVER -6\u00b0C POUR PISTOLET APPLICATEUR 850GR"}]},{"@type":"WebSite","@id":"https:\/\/aktek.md\/#website","url":"https:\/\/aktek.md\/","name":"Aktek Impex SRL","description":"Aktek Impex SRL","publisher":{"@id":"https:\/\/aktek.md\/#organization"},"alternateName":"Aktek Impex SRL","potentialAction":[{"@type":"SearchAction","target":{"@type":"EntryPoint","urlTemplate":"https:\/\/aktek.md\/?s={search_term_string}"},"query-input":{"@type":"PropertyValueSpecification","valueRequired":true,"valueName":"search_term_string"}}],"inLanguage":"ru-RU"},{"@type":"Organization","@id":"https:\/\/aktek.md\/#organization","name":"Aktek Impex SRL","url":"https:\/\/aktek.md\/","logo":{"@type":"ImageObject","inLanguage":"ru-RU","@id":"https:\/\/aktek.md\/#\/schema\/logo\/image\/","url":"https:\/\/aktek.md\/wp-content\/uploads\/2023\/11\/akteklogo.png","contentUrl":"https:\/\/aktek.md\/wp-content\/uploads\/2023\/11\/akteklogo.png","width":120,"height":50,"caption":"Aktek Impex SRL"},"image":{"@id":"https:\/\/aktek.md\/#\/schema\/logo\/image\/"},"sameAs":["https:\/\/www.facebook.com\/","https:\/\/www.instagram.com\/"]}]}},"_links":{"self":[{"href":"https:\/\/aktek.md\/ru\/wp-json\/wp\/v2\/product\/25790","targetHints":{"allow":["GET"]}}],"collection":[{"href":"https:\/\/aktek.md\/ru\/wp-json\/wp\/v2\/product"}],"about":[{"href":"https:\/\/aktek.md\/ru\/wp-json\/wp\/v2\/types\/product"}],"replies":[{"embeddable":true,"href":"https:\/\/aktek.md\/ru\/wp-json\/wp\/v2\/comments?post=25790"}],"wp:featuredmedia":[{"embeddable":true,"href":"https:\/\/aktek.md\/ru\/wp-json\/wp\/v2\/media\/25789"}],"wp:attachment":[{"href":"https:\/\/aktek.md\/ru\/wp-json\/wp\/v2\/media?parent=25790"}],"wp:term":[{"taxonomy":"product_brand","embeddable":true,"href":"https:\/\/aktek.md\/ru\/wp-json\/wp\/v2\/product_brand?post=25790"},{"taxonomy":"product_cat","embeddable":true,"href":"https:\/\/aktek.md\/ru\/wp-json\/wp\/v2\/product_cat?post=25790"},{"taxonomy":"product_tag","embeddable":true,"href":"https:\/\/aktek.md\/ru\/wp-json\/wp\/v2\/product_tag?post=25790"}],"curies":[{"name":"wp","href":"https:\/\/api.w.org\/{rel}","templated":true}]}}